{"id":3537,"date":"2018-10-05T14:04:38","date_gmt":"2018-10-05T12:04:38","guid":{"rendered":"https:\/\/dztrasmissioni.it\/home\/"},"modified":"2025-08-27T11:50:50","modified_gmt":"2025-08-27T09:50:50","slug":"home","status":"publish","type":"page","link":"https:\/\/www.dztrasmissioni.it\/es\/","title":{"rendered":"Home"},"content":{"rendered":"<div>\n<p>    <img decoding=\"async\" src=\"\/wp-content\/uploads\/transtecno_slider_homepage.jpg\" alt=\"\"><\/p>\n<h3>CAT\u00c1LOGOS DE PRODUCTOS<\/h3>\n<p><a href=\"https:\/\/dztrasmissioni.it\/es\/catalogos-y-folletos\/\">Scopri di piu<\/a><\/p>\n<\/div>\n<h2>DZ Trasmissioni<\/h2>\n<h3>DZ trasmissioni, con sus treinta a\u00f1os de experiencia en su haber, con los reenv\u00edos angulares soluciona cualquier problema de transmisi\u00f3n de potencia de un movimiento rotatorio entre dos o m\u00e1s ejes colocados a 90\u00b0 entre s\u00ed. Desde 2021 DZ es una divisi\u00f3n del fabricante de motorreductores Transtecno Group.<\/h3>\n<p><p>\n        <a href=\"https:\/\/dztrasmissioni.it\/es\/quienes-somos\/\">M\u00e1s informaci\u00f3n<\/a>\n    <\/p>\n<\/p>\n<p><img decoding=\"async\" src=\"\/wp-content\/uploads\/2018\/11\/img_azienda-dz.jpg\" alt=\"\"><\/p>\n<hr>\n<div>\n<p>        <img decoding=\"async\" src=\"\/wp-content\/uploads\/gamma_prodotti.jpg\" alt=\"\"><\/p>\n<h3>Transmitimos innovaci\u00f3n en todas direcciones<\/h3>\n<div>\n<p>Una amplia gama de productos para transmitir el movimiento de forma precisa e innovadora, construidos con materiales de alta calidad, dise\u00f1o y tecnolog\u00eda completamente hechos en Italia.<\/p>\n<\/div>\n<p><a href=\"https:\/\/dztrasmissioni.it\/es\/gama-de-productos\/\">Descubre nuestra gama de productos<\/a><\/p>\n<\/div>\n<div>\n<h3>Novedades<\/h3>\n<p><a href=\"https:\/\/dztrasmissioni.it\/es\/novedades-eventos\/novedades\/\"><\/a><\/p>\n<\/div>\n<div>\n<\/div>\n<div>\n<h3>Eventos<\/h3>\n<p><a href=\"https:\/\/dztrasmissioni.it\/es\/novedades-eventos\/eventos\/\"><\/a><\/p>\n<\/div>\n<div>\n<\/div>\n<p><!--more--><br \/>\n<!-- {\"name\":\"Home\",\"type\":\"layout\",\"children\":[{\"type\":\"section\",\"props\":{\"image_position\":\"center-center\",\"padding\":\"none\",\"style\":\"default\",\"title_breakpoint\":\"xl\",\"title_position\":\"top-left\",\"title_rotation\":\"left\",\"vertical_align\":\"\",\"width\":\"\"},\"children\":[{\"type\":\"row\",\"children\":[{\"type\":\"column\",\"props\":{\"image_position\":\"center-center\",\"position_sticky_breakpoint\":\"m\"},\"children\":[{\"type\":\"panel-slider\",\"props\":{\"content_column_breakpoint\":\"m\",\"css\":\".el-image{\\n\\twidth: 100vw;\\n}\\n\\n.el-item > .uk-card-media-top{\\n    display: flex;\\n    align-items: center;\\n    overflow:hidden;\\n\\tmax-height:38vw;\\n}\\n\\n.el-item > .uk-card-body {\\n  max-width: 1200px;\\n  margin: 0 auto;\\n}\\n\\n@media screen and (min-width:960px){\\n    .el-item > .uk-card-body {\\n      padding: 40px 40px;\\n    }\\n}\\n\\n.el-item > .uk-card-body > div {\\n  align-items: center;\\n}\\n\\n.el-slidenav{\\n\\tmargin-top: -6vw;\\n}\",\"icon_width\":80,\"image_align\":\"top\",\"image_grid_breakpoint\":\"m\",\"image_grid_width\":\"1-2\",\"image_svg_color\":\"emphasis\",\"link_style\":\"primary\",\"link_text\":\"Scopri di piu\",\"margin\":\"default\",\"meta_align\":\"below-title\",\"meta_element\":\"div\",\"meta_margin\":\"remove\",\"meta_style\":\"\",\"nav\":\"\",\"nav_align\":\"center\",\"nav_breakpoint\":\"s\",\"panel_card_offset\":false,\"panel_image_no_padding\":true,\"panel_match\":true,\"panel_padding\":\"small\",\"panel_style\":\"card-default\",\"show_content\":true,\"show_hover_image\":true,\"show_hover_video\":true,\"show_image\":true,\"show_link\":true,\"show_meta\":true,\"show_title\":true,\"show_video\":true,\"slidenav\":\"default\",\"slidenav_breakpoint\":\"m\",\"slidenav_hover\":true,\"slidenav_large\":true,\"slidenav_margin\":\"medium\",\"slidenav_outside_breakpoint\":\"xl\",\"slider_autoplay\":true,\"slider_autoplay_pause\":true,\"slider_gap\":\"\",\"slider_width\":\"fixed\",\"slider_width_default\":\"1-1\",\"slider_width_medium\":\"\",\"text_align\":\"left\",\"text_align_breakpoint\":\"s\",\"text_align_fallback\":\"center\",\"title_align\":\"left\",\"title_color\":\"primary\",\"title_element\":\"h3\",\"title_grid_breakpoint\":\"s\",\"title_grid_width\":\"expand\",\"title_hover_style\":\"reset\",\"title_style\":\"h2\"},\"children\":[{\"type\":\"panel-slider_item\",\"props\":{\"image\":\"wp-content\\\/uploads\\\/transtecno_slider_homepage.jpg\",\"link\":\"es\\\/catalogos-y-folletos\\\/\",\"meta\":\"\",\"title\":\"CAT\\u00c1LOGOS DE PRODUCTOS\"}}]}]}]}],\"name\":\"Header home 2023\"},{\"type\":\"section\",\"props\":{\"image_position\":\"center-center\",\"style\":\"muted\",\"title_breakpoint\":\"xl\",\"title_position\":\"top-left\",\"title_rotation\":\"left\",\"vertical_align\":\"\",\"width\":\"default\"},\"children\":[{\"type\":\"row\",\"props\":{\"layout\":\"2-3,1-3\"},\"children\":[{\"type\":\"column\",\"props\":{\"image_position\":\"center-center\",\"position_sticky_breakpoint\":\"m\",\"width_medium\":\"2-3\"},\"children\":[{\"type\":\"headline\",\"props\":{\"content\":\"DZ Trasmissioni\",\"margin_remove_bottom\":false,\"title_color\":\"primary\",\"title_element\":\"h2\"}},{\"type\":\"headline\",\"props\":{\"content\":\"DZ trasmissioni, con sus treinta a\\u00f1os de experiencia en su haber, con los reenv\\u00edos angulares soluciona cualquier problema de transmisi\\u00f3n de potencia de un movimiento rotatorio entre dos o m\\u00e1s ejes colocados a 90\\u00b0 entre s\\u00ed. Desde 2021 DZ es una divisi\\u00f3n del fabricante de motorreductores Transtecno Group.\",\"margin_remove_top\":true,\"title_element\":\"h3\",\"title_style\":\"h3\"}},{\"type\":\"button\",\"props\":{\"grid_column_gap\":\"small\",\"grid_row_gap\":\"small\",\"margin\":\"default\"},\"children\":[{\"type\":\"button_item\",\"props\":{\"button_style\":\"primary\",\"content\":\"M\\u00e1s informaci\\u00f3n\",\"dialog_layout\":\"modal\",\"dialog_offcanvas_flip\":true,\"icon_align\":\"left\",\"link\":\"es\\\/quienes-somos\\\/\"}}]}]},{\"type\":\"column\",\"props\":{\"image_position\":\"center-center\",\"position_sticky_breakpoint\":\"m\",\"width_medium\":\"1-3\"},\"children\":[{\"type\":\"image\",\"props\":{\"image\":\"wp-content\\\/uploads\\\/2018\\\/11\\\/img_azienda-dz.jpg\",\"image_svg_color\":\"emphasis\",\"margin\":\"default\"}}]}]},{\"type\":\"row\",\"children\":[{\"type\":\"column\",\"props\":{\"image_position\":\"center-center\",\"position_sticky_breakpoint\":\"m\",\"width_medium\":\"1-1\"},\"children\":[{\"type\":\"divider\",\"props\":{\"divider_element\":\"hr\"}}]}]},{\"type\":\"row\",\"children\":[{\"type\":\"column\",\"props\":{\"image_position\":\"center-center\",\"position_sticky_breakpoint\":\"m\",\"width_medium\":\"1-1\"},\"children\":[{\"type\":\"panel\",\"props\":{\"content\":\"\n\n<p>Una amplia gama de productos para transmitir el movimiento de forma precisa e innovadora, construidos con materiales de alta calidad, dise\\u00f1o y tecnolog\\u00eda completamente hechos en Italia.<\\\/p>\",\"content_column_breakpoint\":\"m\",\"css\":\".el-title{\\n\\tfont-size: 25px;\\n}\",\"icon_width\":80,\"image\":\"wp-content\\\/uploads\\\/gamma_prodotti.jpg\",\"image_align\":\"left\",\"image_grid_breakpoint\":\"m\",\"image_grid_width\":\"1-2\",\"image_svg_color\":\"emphasis\",\"image_vertical_align\":true,\"link\":\"es\\\/gama de productos\\\/\",\"link_style\":\"primary\",\"link_text\":\"Descubre nuestra gama de productos\",\"margin\":\"default\",\"meta_align\":\"below-title\",\"meta_element\":\"div\",\"meta_style\":\"text-meta\",\"panel_expand\":\"image\",\"panel_image_no_padding\":true,\"panel_padding\":\"default\",\"panel_style\":\"card-default\",\"title\":\"Transmitimos innovaci\\u00f3n en todas direcciones\",\"title_align\":\"top\",\"title_element\":\"h3\",\"title_grid_breakpoint\":\"m\",\"title_grid_width\":\"1-2\",\"title_hover_style\":\"reset\",\"title_style\":\"h2\"}}]}]}]},{\"type\":\"section\",\"props\":{\"image_position\":\"center-center\",\"style\":\"default\",\"title_breakpoint\":\"xl\",\"title_position\":\"top-left\",\"title_rotation\":\"left\",\"vertical_align\":\"\",\"width\":\"default\"},\"children\":[{\"type\":\"row\",\"props\":{\"column_gap\":\"large\",\"divider\":false,\"layout\":\"1-2,1-2\",\"row_gap\":\"large\"},\"children\":[{\"type\":\"column\",\"props\":{\"image_position\":\"center-center\",\"position_sticky_breakpoint\":\"m\",\"width_medium\":\"1-2\"},\"children\":[{\"type\":\"panel\",\"props\":{\"content_column_breakpoint\":\"m\",\"css\":\".el-element > *{\\n\\tborder-top:1px solid #e9e9e9;;;\\n    border-bottom:1px solid #e9e9e9;;\\n}\",\"icon\":\"arrow-right\",\"icon_width\":40,\"image_align\":\"right\",\"image_grid_breakpoint\":\"\",\"image_grid_width\":\"auto\",\"image_svg_color\":\"emphasis\",\"image_vertical_align\":true,\"link\":\"es\\\/categorie-news\\\/novedades\\\/\",\"link_style\":\"default\",\"link_text\":\"\",\"margin\":\"default\",\"meta_align\":\"below-title\",\"meta_element\":\"div\",\"meta_style\":\"text-meta\",\"panel_link\":true,\"title\":\"Novedades\",\"title_align\":\"top\",\"title_color\":\"primary\",\"title_element\":\"h3\",\"title_grid_breakpoint\":\"m\",\"title_grid_width\":\"1-2\",\"title_hover_style\":\"reset\",\"title_style\":\"h1\"},\"name\":\"titolo link news home\"},{\"type\":\"panel-slider\",\"props\":{\"content_column_breakpoint\":\"m\",\"icon_width\":80,\"image_align\":\"between\",\"image_grid_breakpoint\":\"m\",\"image_grid_width\":\"1-2\",\"image_height\":\"717\",\"image_svg_color\":\"emphasis\",\"image_width\":\"1024\",\"link_style\":\"default\",\"link_text\":\"Read more\",\"margin\":\"default\",\"meta_align\":\"above-title\",\"meta_color\":\"primary\",\"meta_element\":\"div\",\"meta_style\":\"text-meta\",\"nav\":\"\",\"nav_align\":\"center\",\"nav_breakpoint\":\"s\",\"panel_match\":true,\"show_content\":true,\"show_hover_image\":true,\"show_hover_video\":true,\"show_image\":true,\"show_link\":true,\"show_meta\":true,\"show_title\":true,\"show_video\":true,\"slidenav\":\"\",\"slidenav_breakpoint\":\"xl\",\"slidenav_margin\":\"medium\",\"slidenav_outside_breakpoint\":\"xl\",\"slider_autoplay\":true,\"slider_autoplay_pause\":true,\"slider_gap\":\"default\",\"slider_width\":\"fixed\",\"slider_width_default\":\"1-1\",\"slider_width_medium\":\"\",\"title_align\":\"top\",\"title_element\":\"h3\",\"title_grid_breakpoint\":\"m\",\"title_grid_width\":\"1-2\",\"title_hover_style\":\"reset\"},\"children\":[{\"type\":\"panel-slider_item\",\"source\":{\"query\":{\"name\":\"newseventi.customNewseventi\",\"arguments\":{\"terms\":[65],\"offset\":0,\"limit\":5,\"order\":\"date\",\"order_direction\":\"DESC\"}},\"props\":{\"title\":{\"filters\":{\"search\":\"\"},\"name\":\"title\"},\"meta\":{\"filters\":{\"search\":\"\",\"date\":\"\"},\"name\":\"date\"},\"content\":{\"filters\":{\"search\":\"\"},\"arguments\":{\"show_intro_text\":true},\"name\":\"content\"},\"image\":{\"filters\":{\"search\":\"\"},\"name\":\"featuredImage.url\"},\"image_alt\":{\"filters\":{\"search\":\"\"},\"name\":\"title\"}}}}]}]},{\"type\":\"column\",\"props\":{\"image_position\":\"center-center\",\"position_sticky_breakpoint\":\"m\",\"width_medium\":\"1-2\"},\"children\":[{\"type\":\"panel\",\"props\":{\"content_column_breakpoint\":\"m\",\"css\":\".el-element > *{\\n\\tborder-top:1px solid #e9e9e9;;;\\n    border-bottom:1px solid #e9e9e9;;\\n}\",\"icon\":\"arrow-right\",\"icon_width\":40,\"image_align\":\"right\",\"image_grid_breakpoint\":\"\",\"image_grid_width\":\"auto\",\"image_svg_color\":\"emphasis\",\"image_vertical_align\":true,\"link\":\"es\\\/categorie-news\\\/eventos\\\/\",\"link_style\":\"default\",\"link_text\":\"\",\"margin\":\"default\",\"meta_align\":\"below-title\",\"meta_element\":\"div\",\"meta_style\":\"text-meta\",\"panel_link\":true,\"title\":\"Eventos\",\"title_align\":\"top\",\"title_color\":\"primary\",\"title_element\":\"h3\",\"title_grid_breakpoint\":\"m\",\"title_grid_width\":\"1-2\",\"title_hover_style\":\"reset\",\"title_style\":\"h1\"},\"name\":\"titolo link news home\"},{\"type\":\"panel-slider\",\"props\":{\"content_column_breakpoint\":\"m\",\"icon_width\":80,\"image_align\":\"between\",\"image_grid_breakpoint\":\"m\",\"image_grid_width\":\"1-2\",\"image_height\":\"717\",\"image_svg_color\":\"emphasis\",\"image_width\":\"1024\",\"link_style\":\"default\",\"link_text\":\"Read more\",\"margin\":\"default\",\"meta_align\":\"above-title\",\"meta_color\":\"primary\",\"meta_element\":\"div\",\"meta_style\":\"text-meta\",\"nav\":\"\",\"nav_align\":\"center\",\"nav_breakpoint\":\"s\",\"panel_match\":true,\"show_content\":true,\"show_hover_image\":true,\"show_hover_video\":true,\"show_image\":true,\"show_link\":true,\"show_meta\":true,\"show_title\":true,\"show_video\":true,\"slidenav\":\"\",\"slidenav_breakpoint\":\"xl\",\"slidenav_margin\":\"medium\",\"slidenav_outside_breakpoint\":\"xl\",\"slider_autoplay\":true,\"slider_autoplay_pause\":true,\"slider_gap\":\"default\",\"slider_width\":\"fixed\",\"slider_width_default\":\"1-1\",\"slider_width_medium\":\"\",\"title_align\":\"top\",\"title_element\":\"h3\",\"title_grid_breakpoint\":\"m\",\"title_grid_width\":\"1-2\",\"title_hover_style\":\"reset\"},\"children\":[{\"type\":\"panel-slider_item\",\"source\":{\"query\":{\"name\":\"newseventi.customNewseventi\",\"arguments\":{\"terms\":[66],\"offset\":0,\"limit\":5,\"order\":\"date\",\"order_direction\":\"DESC\"}},\"props\":{\"title\":{\"filters\":{\"search\":\"\"},\"name\":\"title\"},\"meta\":{\"filters\":{\"search\":\"\",\"date\":\"\"},\"name\":\"date\"},\"content\":{\"filters\":{\"search\":\"\"},\"arguments\":{\"show_intro_text\":true},\"name\":\"content\"},\"image\":{\"filters\":{\"search\":\"\"},\"name\":\"featuredImage.url\"},\"image_alt\":{\"filters\":{\"search\":\"\"},\"name\":\"title\"}}}}]}]}]}]}],\"version\":\"4.5.24\"} --><\/p>\n","protected":false},"excerpt":{"rendered":"<p>CAT\u00c1LOGOS DE PRODUCTOS Scopri di piu DZ Trasmissioni DZ trasmissioni, con sus treinta a\u00f1os de experiencia en su haber, con los reenv\u00edos angulares soluciona cualquier problema de transmisi\u00f3n de potencia de un movimiento rotatorio entre dos o m\u00e1s ejes colocados a 90\u00b0 entre s\u00ed. Desde 2021 DZ es una divisi\u00f3n del fabricante de motorreductores Transtecno [&hellip;]<\/p>\n","protected":false},"author":4,"featured_media":0,"parent":0,"menu_order":4,"comment_status":"closed","ping_status":"closed","template":"","meta":{"_acf_changed":false,"footnotes":""},"class_list":["post-3537","page","type-page","status-publish","hentry"],"acf":[],"yoast_head":"<!-- This site is optimized with the Yoast SEO plugin v26.1.1 - https:\/\/yoast.com\/wordpress\/plugins\/seo\/ -->\n<title>Reenv\u00edos angulares de precisi\u00f3n DZ Trasmissioni - Dise\u00f1o y producci\u00f3n<\/title>\n<meta name=\"description\" content=\"DZ Trasmissioni produce reenv\u00edos angulares de precisi\u00f3n para la transmisi\u00f3n de potencia de movimientos giratorios entre dos ejes a 90 grados para aplicaciones industriales.\" \/>\n<meta name=\"robots\" content=\"index, follow, max-snippet:-1, max-image-preview:large, max-video-preview:-1\" \/>\n<link rel=\"canonical\" href=\"https:\/\/www.dztrasmissioni.it\/es\/\" \/>\n<meta property=\"og:locale\" content=\"es_ES\" \/>\n<meta property=\"og:type\" content=\"article\" \/>\n<meta property=\"og:title\" content=\"Reenv\u00edos angulares de precisi\u00f3n DZ Trasmissioni - Dise\u00f1o y producci\u00f3n\" \/>\n<meta property=\"og:description\" content=\"DZ Trasmissioni produce reenv\u00edos angulares de precisi\u00f3n para la transmisi\u00f3n de potencia de movimientos giratorios entre dos ejes a 90 grados para aplicaciones industriales.\" \/>\n<meta property=\"og:url\" content=\"https:\/\/www.dztrasmissioni.it\/es\/\" \/>\n<meta property=\"og:site_name\" content=\"DZ Trasmissioni\" \/>\n<meta property=\"article:modified_time\" content=\"2025-08-27T09:50:50+00:00\" \/>\n<meta name=\"twitter:card\" content=\"summary_large_image\" \/>\n<meta name=\"twitter:label1\" content=\"Tiempo de lectura\" \/>\n\t<meta name=\"twitter:data1\" content=\"1 minuto\" \/>\n<script type=\"application\/ld+json\" class=\"yoast-schema-graph\">{\"@context\":\"https:\/\/schema.org\",\"@graph\":[{\"@type\":\"WebPage\",\"@id\":\"https:\/\/www.dztrasmissioni.it\/es\/\",\"url\":\"https:\/\/www.dztrasmissioni.it\/es\/\",\"name\":\"Reenv\u00edos angulares de precisi\u00f3n DZ Trasmissioni - Dise\u00f1o y producci\u00f3n\",\"isPartOf\":{\"@id\":\"https:\/\/www.dztrasmissioni.it\/es\/#website\"},\"datePublished\":\"2018-10-05T12:04:38+00:00\",\"dateModified\":\"2025-08-27T09:50:50+00:00\",\"description\":\"DZ Trasmissioni produce reenv\u00edos angulares de precisi\u00f3n para la transmisi\u00f3n de potencia de movimientos giratorios entre dos ejes a 90 grados para aplicaciones industriales.\",\"breadcrumb\":{\"@id\":\"https:\/\/www.dztrasmissioni.it\/es\/#breadcrumb\"},\"inLanguage\":\"es\",\"potentialAction\":[{\"@type\":\"ReadAction\",\"target\":[\"https:\/\/www.dztrasmissioni.it\/es\/\"]}]},{\"@type\":\"BreadcrumbList\",\"@id\":\"https:\/\/www.dztrasmissioni.it\/es\/#breadcrumb\",\"itemListElement\":[{\"@type\":\"ListItem\",\"position\":1,\"name\":\"Home\",\"item\":\"https:\/\/www.dztrasmissioni.it\/es\/\"},{\"@type\":\"ListItem\",\"position\":2,\"name\":\"Home\"}]},{\"@type\":\"WebSite\",\"@id\":\"https:\/\/www.dztrasmissioni.it\/es\/#website\",\"url\":\"https:\/\/www.dztrasmissioni.it\/es\/\",\"name\":\"DZ Trasmissioni\",\"description\":\"Rinvii angolari di precisione\",\"publisher\":{\"@id\":\"https:\/\/www.dztrasmissioni.it\/es\/#organization\"},\"potentialAction\":[{\"@type\":\"SearchAction\",\"target\":{\"@type\":\"EntryPoint\",\"urlTemplate\":\"https:\/\/www.dztrasmissioni.it\/es\/?s={search_term_string}\"},\"query-input\":{\"@type\":\"PropertyValueSpecification\",\"valueRequired\":true,\"valueName\":\"search_term_string\"}}],\"inLanguage\":\"es\"},{\"@type\":\"Organization\",\"@id\":\"https:\/\/www.dztrasmissioni.it\/es\/#organization\",\"name\":\"DZ Trasmissioni\",\"url\":\"https:\/\/www.dztrasmissioni.it\/es\/\",\"logo\":{\"@type\":\"ImageObject\",\"inLanguage\":\"es\",\"@id\":\"https:\/\/www.dztrasmissioni.it\/es\/#\/schema\/logo\/image\/\",\"url\":\"https:\/\/dztrasmissioni.it\/wp-content\/uploads\/apple_touch_icon_dz.png\",\"contentUrl\":\"https:\/\/dztrasmissioni.it\/wp-content\/uploads\/apple_touch_icon_dz.png\",\"width\":180,\"height\":180,\"caption\":\"DZ Trasmissioni\"},\"image\":{\"@id\":\"https:\/\/www.dztrasmissioni.it\/es\/#\/schema\/logo\/image\/\"}}]}<\/script>\n<!-- \/ Yoast SEO plugin. -->","yoast_head_json":{"title":"Reenv\u00edos angulares de precisi\u00f3n DZ Trasmissioni - Dise\u00f1o y producci\u00f3n","description":"DZ Trasmissioni produce reenv\u00edos angulares de precisi\u00f3n para la transmisi\u00f3n de potencia de movimientos giratorios entre dos ejes a 90 grados para aplicaciones industriales.","robots":{"index":"index","follow":"follow","max-snippet":"max-snippet:-1","max-image-preview":"max-image-preview:large","max-video-preview":"max-video-preview:-1"},"canonical":"https:\/\/www.dztrasmissioni.it\/es\/","og_locale":"es_ES","og_type":"article","og_title":"Reenv\u00edos angulares de precisi\u00f3n DZ Trasmissioni - Dise\u00f1o y producci\u00f3n","og_description":"DZ Trasmissioni produce reenv\u00edos angulares de precisi\u00f3n para la transmisi\u00f3n de potencia de movimientos giratorios entre dos ejes a 90 grados para aplicaciones industriales.","og_url":"https:\/\/www.dztrasmissioni.it\/es\/","og_site_name":"DZ Trasmissioni","article_modified_time":"2025-08-27T09:50:50+00:00","twitter_card":"summary_large_image","twitter_misc":{"Tiempo de lectura":"1 minuto"},"schema":{"@context":"https:\/\/schema.org","@graph":[{"@type":"WebPage","@id":"https:\/\/www.dztrasmissioni.it\/es\/","url":"https:\/\/www.dztrasmissioni.it\/es\/","name":"Reenv\u00edos angulares de precisi\u00f3n DZ Trasmissioni - Dise\u00f1o y producci\u00f3n","isPartOf":{"@id":"https:\/\/www.dztrasmissioni.it\/es\/#website"},"datePublished":"2018-10-05T12:04:38+00:00","dateModified":"2025-08-27T09:50:50+00:00","description":"DZ Trasmissioni produce reenv\u00edos angulares de precisi\u00f3n para la transmisi\u00f3n de potencia de movimientos giratorios entre dos ejes a 90 grados para aplicaciones industriales.","breadcrumb":{"@id":"https:\/\/www.dztrasmissioni.it\/es\/#breadcrumb"},"inLanguage":"es","potentialAction":[{"@type":"ReadAction","target":["https:\/\/www.dztrasmissioni.it\/es\/"]}]},{"@type":"BreadcrumbList","@id":"https:\/\/www.dztrasmissioni.it\/es\/#breadcrumb","itemListElement":[{"@type":"ListItem","position":1,"name":"Home","item":"https:\/\/www.dztrasmissioni.it\/es\/"},{"@type":"ListItem","position":2,"name":"Home"}]},{"@type":"WebSite","@id":"https:\/\/www.dztrasmissioni.it\/es\/#website","url":"https:\/\/www.dztrasmissioni.it\/es\/","name":"DZ Trasmissioni","description":"Rinvii angolari di precisione","publisher":{"@id":"https:\/\/www.dztrasmissioni.it\/es\/#organization"},"potentialAction":[{"@type":"SearchAction","target":{"@type":"EntryPoint","urlTemplate":"https:\/\/www.dztrasmissioni.it\/es\/?s={search_term_string}"},"query-input":{"@type":"PropertyValueSpecification","valueRequired":true,"valueName":"search_term_string"}}],"inLanguage":"es"},{"@type":"Organization","@id":"https:\/\/www.dztrasmissioni.it\/es\/#organization","name":"DZ Trasmissioni","url":"https:\/\/www.dztrasmissioni.it\/es\/","logo":{"@type":"ImageObject","inLanguage":"es","@id":"https:\/\/www.dztrasmissioni.it\/es\/#\/schema\/logo\/image\/","url":"https:\/\/dztrasmissioni.it\/wp-content\/uploads\/apple_touch_icon_dz.png","contentUrl":"https:\/\/dztrasmissioni.it\/wp-content\/uploads\/apple_touch_icon_dz.png","width":180,"height":180,"caption":"DZ Trasmissioni"},"image":{"@id":"https:\/\/www.dztrasmissioni.it\/es\/#\/schema\/logo\/image\/"}}]}},"_links":{"self":[{"href":"https:\/\/www.dztrasmissioni.it\/es\/wp-json\/wp\/v2\/pages\/3537","targetHints":{"allow":["GET"]}}],"collection":[{"href":"https:\/\/www.dztrasmissioni.it\/es\/wp-json\/wp\/v2\/pages"}],"about":[{"href":"https:\/\/www.dztrasmissioni.it\/es\/wp-json\/wp\/v2\/types\/page"}],"author":[{"embeddable":true,"href":"https:\/\/www.dztrasmissioni.it\/es\/wp-json\/wp\/v2\/users\/4"}],"replies":[{"embeddable":true,"href":"https:\/\/www.dztrasmissioni.it\/es\/wp-json\/wp\/v2\/comments?post=3537"}],"version-history":[{"count":51,"href":"https:\/\/www.dztrasmissioni.it\/es\/wp-json\/wp\/v2\/pages\/3537\/revisions"}],"predecessor-version":[{"id":5652,"href":"https:\/\/www.dztrasmissioni.it\/es\/wp-json\/wp\/v2\/pages\/3537\/revisions\/5652"}],"wp:attachment":[{"href":"https:\/\/www.dztrasmissioni.it\/es\/wp-json\/wp\/v2\/media?parent=3537"}],"curies":[{"name":"wp","href":"https:\/\/api.w.org\/{rel}","templated":true}]}}