{"id":3540,"date":"2018-10-05T14:04:44","date_gmt":"2018-10-05T12:04:44","guid":{"rendered":"https:\/\/dztrasmissioni.it\/chi-siamo\/"},"modified":"2021-06-04T14:28:14","modified_gmt":"2021-06-04T12:28:14","slug":"quienes-somos","status":"publish","type":"page","link":"https:\/\/www.dztrasmissioni.it\/es\/quienes-somos\/","title":{"rendered":"Qui\u00e9nes somos"},"content":{"rendered":"<h1>DZ TRASMISSIONI<\/h1>\n<h3>Producimos con profesionalidad y cortes\u00eda desde 1986.<\/h3>\n<div>DZ trasmissioni, con sus treinta a\u00f1os de experiencia en su haber, con los reenv\u00edos angulares de serie DZ, ZP y QB y tambi\u00e9n con otros espec\u00edficos, soluciona cualquier problema de transmisi\u00f3n de potencia de un movimiento rotatorio entre dos o m\u00e1s ejes colocados a 90\u00b0 entre s\u00ed. La dimensi\u00f3n de la empresa y su estructura permiten el estudio y la fabricaci\u00f3n de transmisiones especiales en plazos muy reducidos. Un cualificado servicio t\u00e9cnico-comercial est\u00e1 a disposici\u00f3n para solucionar, de la manera m\u00e1s adecuada y econ\u00f3mica, los problemas del cliente. Exp\u00f3nganos su problema: es posible que entre los numerosos \u201cespeciales\u201d que ya hemos fabricado para nuestros clientes en estos treinta a\u00f1os de actividad, haya uno adecuado para sus necesidades.<\/div>\n<ul>\n<li>\n<p>        <img decoding=\"async\" src=\"\/DZUPDATE\/wp-content\/uploads\/IMG_8794.jpg\" alt=\"\"><\/p>\n<\/li>\n<li>\n<p>        <img decoding=\"async\" src=\"\/DZUPDATE\/wp-content\/uploads\/azienda_dz_14.jpg\" alt=\"\"><\/p>\n<h3>azienda_dz_14<\/h3>\n<\/li>\n<li>\n<p>        <img decoding=\"async\" src=\"\/DZUPDATE\/wp-content\/uploads\/azienda_dz_13.jpg\" alt=\"\"><\/p>\n<h3>azienda_dz_13<\/h3>\n<\/li>\n<li>\n<p>        <img decoding=\"async\" src=\"\/DZUPDATE\/wp-content\/uploads\/azienda_dz_12.jpg\" alt=\"\"><\/p>\n<h3>azienda_dz_12<\/h3>\n<\/li>\n<li>\n<p>        <img decoding=\"async\" src=\"\/DZUPDATE\/wp-content\/uploads\/azienda_dz_11.jpg\" alt=\"\"><\/p>\n<h3>azienda_dz_11<\/h3>\n<\/li>\n<li>\n<p>        <img decoding=\"async\" src=\"\/DZUPDATE\/wp-content\/uploads\/azienda_dz_09.jpg\" alt=\"\"><\/p>\n<h3>azienda_dz_09<\/h3>\n<\/li>\n<li>\n<p>        <img decoding=\"async\" src=\"\/DZUPDATE\/wp-content\/uploads\/azienda_dz_08.jpg\" alt=\"\"><\/p>\n<h3>azienda_dz_08<\/h3>\n<\/li>\n<li>\n<p>        <img decoding=\"async\" src=\"\/DZUPDATE\/wp-content\/uploads\/azienda_dz_07.jpg\" alt=\"\"><\/p>\n<h3>azienda_dz_07<\/h3>\n<\/li>\n<li>\n<p>        <img decoding=\"async\" src=\"\/DZUPDATE\/wp-content\/uploads\/azienda_dz_06.jpg\" alt=\"\"><\/p>\n<h3>azienda_dz_06<\/h3>\n<\/li>\n<li>\n<p>        <img decoding=\"async\" src=\"\/DZUPDATE\/wp-content\/uploads\/azienda_dz_05.jpg\" alt=\"\"><\/p>\n<h3>azienda_dz_05<\/h3>\n<\/li>\n<li>\n<p>        <img decoding=\"async\" src=\"\/DZUPDATE\/wp-content\/uploads\/azienda_dz_04.jpg\" alt=\"\"><\/p>\n<h3>azienda_dz_04<\/h3>\n<\/li>\n<\/ul>\n<hr>\n<ul>\n<li>\n<p>        <img decoding=\"async\" src=\"\/DZUPDATE\/wp-content\/uploads\/azienda_dz_15.jpg\" alt=\"\"><\/p>\n<h3>azienda_dz_15<\/h3>\n<\/li>\n<li>\n<p>        <img decoding=\"async\" src=\"\/DZUPDATE\/wp-content\/uploads\/azienda_dz_03.jpg\" alt=\"\"><\/p>\n<h3>azienda_dz_03<\/h3>\n<\/li>\n<li>\n<p>        <img decoding=\"async\" src=\"\/DZUPDATE\/wp-content\/uploads\/IMG_8791.jpg\" alt=\"\"><\/p>\n<h3>IMG_8791<\/h3>\n<\/li>\n<li>\n<p>        <img decoding=\"async\" src=\"\/DZUPDATE\/wp-content\/uploads\/IMG_9034.jpg\" alt=\"\"><\/p>\n<h3>IMG_9034<\/h3>\n<\/li>\n<li>\n<p>        <img decoding=\"async\" src=\"\/DZUPDATE\/wp-content\/uploads\/azienda_dz_10.jpg\" alt=\"\"><\/p>\n<h3>azienda_dz_10<\/h3>\n<\/li>\n<li>\n<p>        <img decoding=\"async\" src=\"\/DZUPDATE\/wp-content\/uploads\/IMG_8789.jpg\" alt=\"\"><\/p>\n<h3>IMG_8789<\/h3>\n<\/li>\n<li>\n<p>        <img decoding=\"async\" src=\"\/DZUPDATE\/wp-content\/uploads\/IMG_8793.jpg\" alt=\"\"><\/p>\n<h3>IMG_8793<\/h3>\n<\/li>\n<li>\n<p>        <img decoding=\"async\" src=\"\/DZUPDATE\/wp-content\/uploads\/IMG_8797.jpg\" alt=\"\"><\/p>\n<h3>IMG_8797<\/h3>\n<\/li>\n<li>\n<p>        <img decoding=\"async\" src=\"\/DZUPDATE\/wp-content\/uploads\/IMG_8788.jpg\" alt=\"\"><\/p>\n<h3>IMG_8788<\/h3>\n<\/li>\n<li>\n<p>        <img decoding=\"async\" src=\"\/DZUPDATE\/wp-content\/uploads\/azienda_dz_02.jpg\" alt=\"\"><\/p>\n<h3>azienda_dz_02<\/h3>\n<\/li>\n<\/ul>\n<h1>Nuestra historia<\/h1>\n<h3>La historia empieza hace mucho tiempo, en el lejano 1946, cuando Didimo Zanetti y su hermano Augusto abren un taller artesanal en el sector mec\u00e1nico.<\/h3>\n<div>Por aquel entonces la Segunda Guerra Mundial acababa de terminar, todo se ten\u00eda que reconstruir y nadie se daba cuenta de las grandes oportunidades que se presentaban. De hecho, muchos t\u00e9cnicos expertos y competentes, que hab\u00edan sido despedidos de empresas hist\u00f3ricas como la Ducati de Bolonia (que durante el periodo de guerra ten\u00eda grandes encargos que cesaron al terminar el conflicto) ahora estaban sin empleo y desesperados. Pero, en cierto modo, este hecho result\u00f3 ser su golpe de suerte, porque sin saberlo crearon empresas que todav\u00eda hoy mantienen un alto nivel, especialmente en el sector de los engranajes. Este es el caso de los hermanos Zanetti, que en el transcurso de los a\u00f1os se separaron y crearon dos empresas excelentes, la Didimo Zanetti y la Zanetti Augusto.<br \/>\nEn 1986, exactamente cuarenta a\u00f1os despu\u00e9s, de una rama de la empresa Didimo Zanetti naci\u00f3 DZ trasmissioni. Los primeros proyectos de reenv\u00edos angulares se remontan a 1979, y desde entonces hasta 1986 los grupos angulares se fabricaban y comercializaban en la \u201ccasa madre\u201d. A partir de 1996 DZ trasmissioni se independiza, pero a\u00fan hoy la empresa Didimo Zanetti (que con el tiempo se reincorpor\u00f3 a la empresa de su hermano por obra de Andrea Zanetti, el hijo de Didimo, contando as\u00ed con dos unidades productivas, en Bolonia y en Aprilia), con m\u00e1s de 200 personas especializadas en la fabricaci\u00f3n de engranajes c\u00f3nicos, es un proveedor de enorme val\u00eda de los engranajes c\u00f3nicos GLEASON, que son el coraz\u00f3n latiente de los grupos angulares de DZ trasmissioni. 2021 es otro a\u00f1o importante para DZ que, tras la fusi\u00f3n por incorporaci\u00f3n, pasa a formar parte del Grupo Transtecno.<\/div>\n<p><!--more--><br \/>\n<!-- {\"name\":\"\",\"type\":\"layout\",\"children\":[{\"name\":\"\",\"type\":\"section\",\"props\":{\"style\":\"default\",\"width\":\"\",\"vertical_align\":\"middle\",\"title_position\":\"top-left\",\"title_rotation\":\"left\",\"title_breakpoint\":\"xl\",\"image_position\":\"center-center\",\"height\":\"percent\",\"image\":\"wp-content\\\/uploads\\\/2018\\\/11\\\/img_azienda-dz.jpg\",\"image_size\":\"cover\",\"css\":\".uk-section {\\n    min-height: calc(-80px + 60vh) !important;\\n}\"},\"children\":[{\"name\":\"\",\"type\":\"row\",\"children\":[{\"name\":\"\",\"type\":\"column\",\"props\":{\"image_position\":\"center-center\",\"media_overlay_gradient\":\"\",\"width_medium\":\"1-1\"}}]}]},{\"name\":\"\",\"type\":\"section\",\"props\":{\"style\":\"default\",\"width\":\"default\",\"vertical_align\":\"middle\",\"title_position\":\"top-left\",\"title_rotation\":\"left\",\"title_breakpoint\":\"xl\",\"image_position\":\"center-center\"},\"children\":[{\"name\":\"\",\"type\":\"row\",\"children\":[{\"name\":\"\",\"type\":\"column\",\"props\":{\"image_position\":\"center-center\",\"media_overlay_gradient\":\"\",\"width_medium\":\"1-1\"},\"children\":[{\"name\":\"\",\"type\":\"headline\",\"props\":{\"title_element\":\"h1\",\"title_style\":\"heading-small\",\"title_color\":\"primary\",\"content\":\"DZ TRASMISSIONI\"}}]}]},{\"name\":\"\",\"type\":\"row\",\"props\":{\"layout\":\"2-3,1-3\",\"vertical_align\":true,\"match\":false},\"children\":[{\"name\":\"\",\"type\":\"column\",\"props\":{\"image_position\":\"center-center\",\"media_overlay_gradient\":\"\",\"width_medium\":\"2-3\"},\"children\":[{\"name\":\"\",\"type\":\"headline\",\"props\":{\"title_element\":\"h3\",\"title_style\":\"h2\",\"content\":\"Producimos con profesionalidad y cortes\\u00eda desde 1986.\"}},{\"name\":\"\",\"type\":\"text\",\"props\":{\"margin\":\"default\",\"column_breakpoint\":\"m\",\"content\":\"DZ trasmissioni, con sus treinta a\\u00f1os de experiencia en su haber, con los reenv\\u00edos angulares de serie DZ, ZP y QB y tambi\\u00e9n con otros espec\\u00edficos, soluciona cualquier problema de transmisi\\u00f3n de potencia de un movimiento rotatorio entre dos o m\\u00e1s ejes colocados a 90\\u00b0 entre s\\u00ed. La dimensi\\u00f3n de la empresa y su estructura permiten el estudio y la fabricaci\\u00f3n de transmisiones especiales en plazos muy reducidos. Un cualificado servicio t\\u00e9cnico-comercial est\\u00e1 a disposici\\u00f3n para solucionar, de la manera m\\u00e1s adecuada y econ\\u00f3mica, los problemas del cliente. Exp\\u00f3nganos su problema: es posible que entre los numerosos \\u201cespeciales\\u201d que ya hemos fabricado para nuestros clientes en estos treinta a\\u00f1os de actividad, haya uno adecuado para sus necesidades.\"}}]},{\"name\":\"\",\"type\":\"column\",\"props\":{\"image_position\":\"center-center\",\"media_overlay_gradient\":\"\",\"width_medium\":\"1-3\"},\"children\":[{\"name\":\"Slideshow azienda 1\",\"type\":\"slideshow\",\"props\":{\"show_title\":false,\"show_meta\":false,\"show_content\":false,\"show_link\":false,\"show_thumbnail\":false,\"slideshow_min_height\":300,\"slideshow_autoplay_pause\":true,\"nav\":\"\",\"nav_position\":\"bottom-center\",\"nav_position_margin\":\"medium\",\"nav_align\":\"center\",\"nav_breakpoint\":\"s\",\"thumbnav_width\":\"100\",\"thumbnav_height\":\"75\",\"slidenav\":\"default\",\"slidenav_margin\":\"medium\",\"slidenav_breakpoint\":\"s\",\"slidenav_outside_breakpoint\":\"xl\",\"overlay_position\":\"center-left\",\"overlay_animation\":\"parallax\",\"title_element\":\"h3\",\"meta_style\":\"meta\",\"meta_align\":\"below-title\",\"link_text\":\"Read more\",\"link_style\":\"default\",\"margin\":\"default\",\"slideshow_height\":\"\",\"slideshow_box_shadow\":\"\",\"slideshow_animation\":\"\",\"slideshow_kenburns\":\"\",\"nav_color\":\"\",\"slidenav_outside_color\":\"\",\"overlay_container\":\"\",\"overlay_container_padding\":\"\",\"overlay_width\":\"\",\"slideshow_box_decoration\":\"\",\"slideshow_autoplay\":true,\"slidenav_hover\":true,\"thumbnav_svg_color\":\"emphasis\",\"nav_margin\":\"\",\"meta_element\":\"div\"},\"children\":[{\"type\":\"slideshow_item\",\"props\":{\"image\":\"wp-content\\\/uploads\\\/IMG_8794.jpg\"}},{\"type\":\"slideshow_item\",\"props\":{\"title\":\"azienda_dz_14\",\"image\":\"wp-content\\\/uploads\\\/azienda_dz_14.jpg\"}},{\"type\":\"slideshow_item\",\"props\":{\"title\":\"azienda_dz_13\",\"image\":\"wp-content\\\/uploads\\\/azienda_dz_13.jpg\"}},{\"type\":\"slideshow_item\",\"props\":{\"title\":\"azienda_dz_12\",\"image\":\"wp-content\\\/uploads\\\/azienda_dz_12.jpg\"}},{\"type\":\"slideshow_item\",\"props\":{\"title\":\"azienda_dz_11\",\"image\":\"wp-content\\\/uploads\\\/azienda_dz_11.jpg\"}},{\"type\":\"slideshow_item\",\"props\":{\"title\":\"azienda_dz_09\",\"image\":\"wp-content\\\/uploads\\\/azienda_dz_09.jpg\"}},{\"type\":\"slideshow_item\",\"props\":{\"title\":\"azienda_dz_08\",\"image\":\"wp-content\\\/uploads\\\/azienda_dz_08.jpg\"}},{\"type\":\"slideshow_item\",\"props\":{\"title\":\"azienda_dz_07\",\"image\":\"wp-content\\\/uploads\\\/azienda_dz_07.jpg\"}},{\"type\":\"slideshow_item\",\"props\":{\"title\":\"azienda_dz_06\",\"image\":\"wp-content\\\/uploads\\\/azienda_dz_06.jpg\"}},{\"type\":\"slideshow_item\",\"props\":{\"title\":\"azienda_dz_05\",\"image\":\"wp-content\\\/uploads\\\/azienda_dz_05.jpg\"}},{\"type\":\"slideshow_item\",\"props\":{\"title\":\"azienda_dz_04\",\"image\":\"wp-content\\\/uploads\\\/azienda_dz_04.jpg\"}}]}]}]}]},{\"name\":\"\",\"type\":\"section\",\"props\":{\"style\":\"default\",\"width\":\"default\",\"vertical_align\":\"middle\",\"title_position\":\"top-left\",\"title_rotation\":\"left\",\"title_breakpoint\":\"xl\",\"image_position\":\"center-center\",\"padding_remove_top\":true,\"padding_remove_bottom\":true},\"children\":[{\"name\":\"\",\"type\":\"row\",\"children\":[{\"name\":\"\",\"type\":\"column\",\"props\":{\"image_position\":\"center-center\",\"media_overlay_gradient\":\"\",\"width_medium\":\"1-1\"},\"children\":[{\"name\":\"\",\"type\":\"divider\",\"props\":{\"divider_element\":\"hr\"}}]}]}]},{\"name\":\"\",\"type\":\"section\",\"props\":{\"style\":\"default\",\"width\":\"default\",\"vertical_align\":\"middle\",\"title_position\":\"top-left\",\"title_rotation\":\"left\",\"title_breakpoint\":\"xl\",\"image_position\":\"center-center\"},\"children\":[{\"name\":\"\",\"type\":\"row\",\"props\":{\"layout\":\"1-2,1-2\",\"vertical_align\":true},\"children\":[{\"name\":\"\",\"type\":\"column\",\"props\":{\"image_position\":\"center-center\",\"vertical_align\":\"middle\",\"media_overlay_gradient\":\"\",\"width_medium\":\"1-2\"},\"children\":[{\"name\":\"Slideshow azienda 2\",\"type\":\"slideshow\",\"props\":{\"show_title\":false,\"show_meta\":false,\"show_content\":false,\"show_link\":false,\"show_thumbnail\":false,\"slideshow_min_height\":300,\"slideshow_autoplay_pause\":true,\"nav\":\"\",\"nav_position\":\"bottom-center\",\"nav_position_margin\":\"medium\",\"nav_align\":\"center\",\"nav_breakpoint\":\"s\",\"thumbnav_width\":\"100\",\"thumbnav_height\":\"75\",\"slidenav\":\"default\",\"slidenav_margin\":\"medium\",\"slidenav_breakpoint\":\"s\",\"slidenav_outside_breakpoint\":\"xl\",\"overlay_position\":\"center-left\",\"overlay_animation\":\"parallax\",\"title_element\":\"h3\",\"meta_style\":\"meta\",\"meta_align\":\"below-title\",\"link_text\":\"Read more\",\"link_style\":\"default\",\"margin\":\"default\",\"slideshow_height\":\"\",\"slideshow_box_shadow\":\"\",\"slideshow_animation\":\"\",\"slideshow_kenburns\":\"\",\"nav_color\":\"\",\"slidenav_outside_color\":\"\",\"overlay_container\":\"\",\"overlay_container_padding\":\"\",\"overlay_width\":\"\",\"slideshow_box_decoration\":\"\",\"slideshow_autoplay\":true,\"slidenav_hover\":true,\"thumbnav_svg_color\":\"emphasis\",\"nav_margin\":\"\",\"meta_element\":\"div\"},\"children\":[{\"type\":\"slideshow_item\",\"props\":{\"title\":\"azienda_dz_15\",\"image\":\"wp-content\\\/uploads\\\/azienda_dz_15.jpg\"}},{\"type\":\"slideshow_item\",\"props\":{\"title\":\"azienda_dz_03\",\"image\":\"wp-content\\\/uploads\\\/azienda_dz_03.jpg\"}},{\"type\":\"slideshow_item\",\"props\":{\"title\":\"IMG_8791\",\"image\":\"wp-content\\\/uploads\\\/IMG_8791.jpg\"}},{\"type\":\"slideshow_item\",\"props\":{\"title\":\"IMG_9034\",\"image\":\"wp-content\\\/uploads\\\/IMG_9034.jpg\"}},{\"type\":\"slideshow_item\",\"props\":{\"title\":\"azienda_dz_10\",\"image\":\"wp-content\\\/uploads\\\/azienda_dz_10.jpg\"}},{\"type\":\"slideshow_item\",\"props\":{\"title\":\"IMG_8789\",\"image\":\"wp-content\\\/uploads\\\/IMG_8789.jpg\"}},{\"type\":\"slideshow_item\",\"props\":{\"title\":\"IMG_8793\",\"image\":\"wp-content\\\/uploads\\\/IMG_8793.jpg\"}},{\"type\":\"slideshow_item\",\"props\":{\"title\":\"IMG_8797\",\"image\":\"wp-content\\\/uploads\\\/IMG_8797.jpg\"}},{\"type\":\"slideshow_item\",\"props\":{\"title\":\"IMG_8788\",\"image\":\"wp-content\\\/uploads\\\/IMG_8788.jpg\"}},{\"type\":\"slideshow_item\",\"props\":{\"title\":\"azienda_dz_02\",\"image\":\"wp-content\\\/uploads\\\/azienda_dz_02.jpg\"}}]}]},{\"name\":\"\",\"type\":\"column\",\"props\":{\"image_position\":\"center-center\",\"vertical_align\":\"middle\",\"media_overlay_gradient\":\"\",\"width_medium\":\"1-2\"},\"children\":[{\"name\":\"\",\"type\":\"headline\",\"props\":{\"title_element\":\"h1\",\"title_style\":\"heading-small\",\"title_color\":\"primary\",\"content\":\"Nuestra historia\"}},{\"name\":\"\",\"type\":\"headline\",\"props\":{\"title_element\":\"h3\",\"title_style\":\"h2\",\"content\":\"La historia empieza hace mucho tiempo, en el lejano 1946, cuando Didimo Zanetti y su hermano Augusto abren un taller artesanal en el sector mec\\u00e1nico.\"}}]}]},{\"name\":\"\",\"type\":\"row\",\"children\":[{\"name\":\"\",\"type\":\"column\",\"props\":{\"image_position\":\"center-center\",\"media_overlay_gradient\":\"\",\"width_medium\":\"1-1\"},\"children\":[{\"name\":\"\",\"type\":\"text\",\"props\":{\"margin\":\"default\",\"column_breakpoint\":\"m\",\"column\":\"1-2\",\"content\":\"Por aquel entonces la Segunda Guerra Mundial acababa de terminar, todo se ten\\u00eda que reconstruir y nadie se daba cuenta de las grandes oportunidades que se presentaban. De hecho, muchos t\\u00e9cnicos expertos y competentes, que hab\\u00edan sido despedidos de empresas hist\\u00f3ricas como la Ducati de Bolonia (que durante el periodo de guerra ten\\u00eda grandes encargos que cesaron al terminar el conflicto) ahora estaban sin empleo y desesperados. Pero, en cierto modo, este hecho result\\u00f3 ser su golpe de suerte, porque sin saberlo crearon empresas que todav\\u00eda hoy mantienen un alto nivel, especialmente en el sector de los engranajes. Este es el caso de los hermanos Zanetti, que en el transcurso de los a\\u00f1os se separaron y crearon dos empresas excelentes, la Didimo Zanetti y la Zanetti Augusto.\\nEn 1986, exactamente cuarenta a\\u00f1os despu\\u00e9s, de una rama de la empresa Didimo Zanetti naci\\u00f3 DZ trasmissioni. Los primeros proyectos de reenv\\u00edos angulares se remontan a 1979, y desde entonces hasta 1986 los grupos angulares se fabricaban y comercializaban en la \\u201ccasa madre\\u201d. A partir de 1996 DZ trasmissioni se independiza, pero a\\u00fan hoy la empresa Didimo Zanetti (que con el tiempo se reincorpor\\u00f3 a la empresa de su hermano por obra de Andrea Zanetti, el hijo de Didimo, contando as\\u00ed con dos unidades productivas, en Bolonia y en Aprilia), con m\\u00e1s de 200 personas especializadas en la fabricaci\\u00f3n de engranajes c\\u00f3nicos, es un proveedor de enorme val\\u00eda de los engranajes c\\u00f3nicos GLEASON, que son el coraz\\u00f3n latiente de los grupos angulares de DZ trasmissioni. 2021 es otro a\\u00f1o importante para DZ que, tras la fusi\\u00f3n por incorporaci\\u00f3n, pasa a formar parte del Grupo Transtecno.\"}}]}]}]}],\"version\":\"2.4.17\"} --><\/p>\n","protected":false},"excerpt":{"rendered":"<p>DZ TRASMISSIONI Producimos con profesionalidad y cortes\u00eda desde 1986. DZ trasmissioni, con sus treinta a\u00f1os de experiencia en su haber, con los reenv\u00edos angulares de serie DZ, ZP y QB y tambi\u00e9n con otros espec\u00edficos, soluciona cualquier problema de transmisi\u00f3n de potencia de un movimiento rotatorio entre dos o m\u00e1s ejes colocados a 90\u00b0 entre [&hellip;]<\/p>\n","protected":false},"author":4,"featured_media":0,"parent":0,"menu_order":12,"comment_status":"closed","ping_status":"closed","template":"","meta":{"_acf_changed":false,"footnotes":""},"class_list":["post-3540","page","type-page","status-publish","hentry"],"acf":[],"yoast_head":"<!-- This site is optimized with the Yoast SEO plugin v26.1.1 - https:\/\/yoast.com\/wordpress\/plugins\/seo\/ -->\n<title>Producci\u00f3n de transmisiones mec\u00e1nicas de precisi\u00f3n - DZ Trasmissioni<\/title>\n<meta name=\"description\" content=\"Desde 1996 DZ Trasmissioni dise\u00f1a y fabrica transmisiones mec\u00e1nicas de precisi\u00f3n, como reenv\u00edos angulares, gatos mec\u00e1nicos y actuadores lineales.\" \/>\n<meta name=\"robots\" content=\"index, follow, max-snippet:-1, max-image-preview:large, max-video-preview:-1\" \/>\n<link rel=\"canonical\" href=\"https:\/\/www.dztrasmissioni.it\/es\/quienes-somos\/\" \/>\n<meta property=\"og:locale\" content=\"es_ES\" \/>\n<meta property=\"og:type\" content=\"article\" \/>\n<meta property=\"og:title\" content=\"Producci\u00f3n de transmisiones mec\u00e1nicas de precisi\u00f3n - DZ Trasmissioni\" \/>\n<meta property=\"og:description\" content=\"Desde 1996 DZ Trasmissioni dise\u00f1a y fabrica transmisiones mec\u00e1nicas de precisi\u00f3n, como reenv\u00edos angulares, gatos mec\u00e1nicos y actuadores lineales.\" \/>\n<meta property=\"og:url\" content=\"https:\/\/www.dztrasmissioni.it\/es\/quienes-somos\/\" \/>\n<meta property=\"og:site_name\" content=\"DZ Trasmissioni\" \/>\n<meta property=\"article:modified_time\" content=\"2021-06-04T12:28:14+00:00\" \/>\n<meta name=\"twitter:card\" content=\"summary_large_image\" \/>\n<meta name=\"twitter:label1\" content=\"Tiempo de lectura\" \/>\n\t<meta name=\"twitter:data1\" content=\"2 minutos\" \/>\n<script type=\"application\/ld+json\" class=\"yoast-schema-graph\">{\"@context\":\"https:\/\/schema.org\",\"@graph\":[{\"@type\":\"WebPage\",\"@id\":\"https:\/\/www.dztrasmissioni.it\/es\/quienes-somos\/\",\"url\":\"https:\/\/www.dztrasmissioni.it\/es\/quienes-somos\/\",\"name\":\"Producci\u00f3n de transmisiones mec\u00e1nicas de precisi\u00f3n - DZ Trasmissioni\",\"isPartOf\":{\"@id\":\"https:\/\/www.dztrasmissioni.it\/es\/#website\"},\"datePublished\":\"2018-10-05T12:04:44+00:00\",\"dateModified\":\"2021-06-04T12:28:14+00:00\",\"description\":\"Desde 1996 DZ Trasmissioni dise\u00f1a y fabrica transmisiones mec\u00e1nicas de precisi\u00f3n, como reenv\u00edos angulares, gatos mec\u00e1nicos y actuadores lineales.\",\"breadcrumb\":{\"@id\":\"https:\/\/www.dztrasmissioni.it\/es\/quienes-somos\/#breadcrumb\"},\"inLanguage\":\"es\",\"potentialAction\":[{\"@type\":\"ReadAction\",\"target\":[\"https:\/\/www.dztrasmissioni.it\/es\/quienes-somos\/\"]}]},{\"@type\":\"BreadcrumbList\",\"@id\":\"https:\/\/www.dztrasmissioni.it\/es\/quienes-somos\/#breadcrumb\",\"itemListElement\":[{\"@type\":\"ListItem\",\"position\":1,\"name\":\"Home\",\"item\":\"https:\/\/www.dztrasmissioni.it\/es\/\"},{\"@type\":\"ListItem\",\"position\":2,\"name\":\"Qui\u00e9nes somos\"}]},{\"@type\":\"WebSite\",\"@id\":\"https:\/\/www.dztrasmissioni.it\/es\/#website\",\"url\":\"https:\/\/www.dztrasmissioni.it\/es\/\",\"name\":\"DZ Trasmissioni\",\"description\":\"Rinvii angolari di precisione\",\"publisher\":{\"@id\":\"https:\/\/www.dztrasmissioni.it\/es\/#organization\"},\"potentialAction\":[{\"@type\":\"SearchAction\",\"target\":{\"@type\":\"EntryPoint\",\"urlTemplate\":\"https:\/\/www.dztrasmissioni.it\/es\/?s={search_term_string}\"},\"query-input\":{\"@type\":\"PropertyValueSpecification\",\"valueRequired\":true,\"valueName\":\"search_term_string\"}}],\"inLanguage\":\"es\"},{\"@type\":\"Organization\",\"@id\":\"https:\/\/www.dztrasmissioni.it\/es\/#organization\",\"name\":\"DZ Trasmissioni\",\"url\":\"https:\/\/www.dztrasmissioni.it\/es\/\",\"logo\":{\"@type\":\"ImageObject\",\"inLanguage\":\"es\",\"@id\":\"https:\/\/www.dztrasmissioni.it\/es\/#\/schema\/logo\/image\/\",\"url\":\"https:\/\/dztrasmissioni.it\/wp-content\/uploads\/apple_touch_icon_dz.png\",\"contentUrl\":\"https:\/\/dztrasmissioni.it\/wp-content\/uploads\/apple_touch_icon_dz.png\",\"width\":180,\"height\":180,\"caption\":\"DZ Trasmissioni\"},\"image\":{\"@id\":\"https:\/\/www.dztrasmissioni.it\/es\/#\/schema\/logo\/image\/\"}}]}<\/script>\n<!-- \/ Yoast SEO plugin. -->","yoast_head_json":{"title":"Producci\u00f3n de transmisiones mec\u00e1nicas de precisi\u00f3n - DZ Trasmissioni","description":"Desde 1996 DZ Trasmissioni dise\u00f1a y fabrica transmisiones mec\u00e1nicas de precisi\u00f3n, como reenv\u00edos angulares, gatos mec\u00e1nicos y actuadores lineales.","robots":{"index":"index","follow":"follow","max-snippet":"max-snippet:-1","max-image-preview":"max-image-preview:large","max-video-preview":"max-video-preview:-1"},"canonical":"https:\/\/www.dztrasmissioni.it\/es\/quienes-somos\/","og_locale":"es_ES","og_type":"article","og_title":"Producci\u00f3n de transmisiones mec\u00e1nicas de precisi\u00f3n - DZ Trasmissioni","og_description":"Desde 1996 DZ Trasmissioni dise\u00f1a y fabrica transmisiones mec\u00e1nicas de precisi\u00f3n, como reenv\u00edos angulares, gatos mec\u00e1nicos y actuadores lineales.","og_url":"https:\/\/www.dztrasmissioni.it\/es\/quienes-somos\/","og_site_name":"DZ Trasmissioni","article_modified_time":"2021-06-04T12:28:14+00:00","twitter_card":"summary_large_image","twitter_misc":{"Tiempo de lectura":"2 minutos"},"schema":{"@context":"https:\/\/schema.org","@graph":[{"@type":"WebPage","@id":"https:\/\/www.dztrasmissioni.it\/es\/quienes-somos\/","url":"https:\/\/www.dztrasmissioni.it\/es\/quienes-somos\/","name":"Producci\u00f3n de transmisiones mec\u00e1nicas de precisi\u00f3n - DZ Trasmissioni","isPartOf":{"@id":"https:\/\/www.dztrasmissioni.it\/es\/#website"},"datePublished":"2018-10-05T12:04:44+00:00","dateModified":"2021-06-04T12:28:14+00:00","description":"Desde 1996 DZ Trasmissioni dise\u00f1a y fabrica transmisiones mec\u00e1nicas de precisi\u00f3n, como reenv\u00edos angulares, gatos mec\u00e1nicos y actuadores lineales.","breadcrumb":{"@id":"https:\/\/www.dztrasmissioni.it\/es\/quienes-somos\/#breadcrumb"},"inLanguage":"es","potentialAction":[{"@type":"ReadAction","target":["https:\/\/www.dztrasmissioni.it\/es\/quienes-somos\/"]}]},{"@type":"BreadcrumbList","@id":"https:\/\/www.dztrasmissioni.it\/es\/quienes-somos\/#breadcrumb","itemListElement":[{"@type":"ListItem","position":1,"name":"Home","item":"https:\/\/www.dztrasmissioni.it\/es\/"},{"@type":"ListItem","position":2,"name":"Qui\u00e9nes somos"}]},{"@type":"WebSite","@id":"https:\/\/www.dztrasmissioni.it\/es\/#website","url":"https:\/\/www.dztrasmissioni.it\/es\/","name":"DZ Trasmissioni","description":"Rinvii angolari di precisione","publisher":{"@id":"https:\/\/www.dztrasmissioni.it\/es\/#organization"},"potentialAction":[{"@type":"SearchAction","target":{"@type":"EntryPoint","urlTemplate":"https:\/\/www.dztrasmissioni.it\/es\/?s={search_term_string}"},"query-input":{"@type":"PropertyValueSpecification","valueRequired":true,"valueName":"search_term_string"}}],"inLanguage":"es"},{"@type":"Organization","@id":"https:\/\/www.dztrasmissioni.it\/es\/#organization","name":"DZ Trasmissioni","url":"https:\/\/www.dztrasmissioni.it\/es\/","logo":{"@type":"ImageObject","inLanguage":"es","@id":"https:\/\/www.dztrasmissioni.it\/es\/#\/schema\/logo\/image\/","url":"https:\/\/dztrasmissioni.it\/wp-content\/uploads\/apple_touch_icon_dz.png","contentUrl":"https:\/\/dztrasmissioni.it\/wp-content\/uploads\/apple_touch_icon_dz.png","width":180,"height":180,"caption":"DZ Trasmissioni"},"image":{"@id":"https:\/\/www.dztrasmissioni.it\/es\/#\/schema\/logo\/image\/"}}]}},"_links":{"self":[{"href":"https:\/\/www.dztrasmissioni.it\/es\/wp-json\/wp\/v2\/pages\/3540","targetHints":{"allow":["GET"]}}],"collection":[{"href":"https:\/\/www.dztrasmissioni.it\/es\/wp-json\/wp\/v2\/pages"}],"about":[{"href":"https:\/\/www.dztrasmissioni.it\/es\/wp-json\/wp\/v2\/types\/page"}],"author":[{"embeddable":true,"href":"https:\/\/www.dztrasmissioni.it\/es\/wp-json\/wp\/v2\/users\/4"}],"replies":[{"embeddable":true,"href":"https:\/\/www.dztrasmissioni.it\/es\/wp-json\/wp\/v2\/comments?post=3540"}],"version-history":[{"count":7,"href":"https:\/\/www.dztrasmissioni.it\/es\/wp-json\/wp\/v2\/pages\/3540\/revisions"}],"predecessor-version":[{"id":5027,"href":"https:\/\/www.dztrasmissioni.it\/es\/wp-json\/wp\/v2\/pages\/3540\/revisions\/5027"}],"wp:attachment":[{"href":"https:\/\/www.dztrasmissioni.it\/es\/wp-json\/wp\/v2\/media?parent=3540"}],"curies":[{"name":"wp","href":"https:\/\/api.w.org\/{rel}","templated":true}]}}