{"id":3546,"date":"2018-10-31T20:51:11","date_gmt":"2018-10-31T19:51:11","guid":{"rendered":"https:\/\/dztrasmissioni.it\/gamma-prodotti\/"},"modified":"2024-07-23T17:17:59","modified_gmt":"2024-07-23T15:17:59","slug":"gama-de-productos","status":"publish","type":"page","link":"https:\/\/www.dztrasmissioni.it\/es\/gama-de-productos\/","title":{"rendered":"Productos"},"content":{"rendered":"<h1>Gama de productos<\/h1>\n<div>\n<p>        <img decoding=\"async\" src=\"\/wp-content\/uploads\/transtecno_rinvii_angolari.jpg\" alt=\"\"><\/p>\n<div>\n<div class=\"uk-flex-middle uk-grid\" uk-grid=\"\">\n<div class=\"uk-width-expand@s\">\n<h2 class=\"uk-h2 uk-text-primary\">REENV\u00cdOS ANGULARES<\/h2>\n<\/div>\n<div class=\"uk-width-auto@s\">\n<div class=\"uk-margin\"><a class=\"uk-button  uk-button-primary\" href=\"\/es\/productos\/reenvios\/\"> <span class=\"uk-text-middle\">MODELOS<\/span> <\/a><\/div>\n<\/div>\n<\/div>\n<div class=\"uk-flex-middle uk-grid\" uk-grid=\"\">\n<div class=\"uk-width-expand@s\">SERIE: <strong>DZ, ZP, SPECIAL, INOX DZ<\/strong><\/div>\n<\/div>\n<div style=\"border: 4px solid #edf4fc; padding: 20px; margin-top: 20px;\">\n<ul class=\"uk-list uk-list-divider\" style=\"margin-bottom: 0px;\">\n<li>\n<div><a class=\"uk-h5\" href=\"\/es\/informations-techniques\/caracteristicas-de-produccion\/\">Caracter\u00edsticas de producci\u00f3n<\/a><\/div>\n<\/li>\n<li>\n<div><a class=\"uk-h5\" href=\"\/es\/informations-techniques\/determinacion-de-la-transmision\/\">Determinaci\u00f3n de la transmisi\u00f3n<\/a><\/div>\n<\/li>\n<\/ul>\n<\/div>\n<\/div>\n<p><a href=\"\/es\/productos\/reenvios\/\"><\/a><\/p>\n<\/div>\n<div>\n<p>        <img decoding=\"async\" src=\"\/wp-content\/uploads\/transtecno_rinvii_angolari_qb.jpg\" alt=\"\"><\/p>\n<div>\n<div class=\"uk-flex-middle uk-grid-margin uk-grid\" uk-grid=\"\">\n<div class=\"uk-width-expand@s\">\n<h2 class=\"uk-h2 uk-text-primary\">REENV\u00cdOS ANGULARES<\/h2>\n<\/div>\n<div class=\"uk-width-auto@s\">\n<div class=\"uk-margin\"><a class=\"uk-button uk-button-primary\" href=\"\/es\/productos\/reenvios-qb\/\"> <span class=\"uk-text-middle\">MODELOS<\/span> <\/a><\/div>\n<\/div>\n<\/div>\n<div class=\"uk-flex-middle uk-grid\" uk-grid=\"\">\n<div class=\"uk-width-expand@s\">SERIE: <strong>QB, QB INOX<\/strong><\/div>\n<\/div>\n<div style=\"border: 4px solid #edf4fc; padding: 20px; margin-top: 20px;\">\n<ul class=\"uk-list uk-list-divider\" style=\"margin-bottom: 0px;\">\n<li>\n<div><a class=\"uk-h5\" href=\"\/es\/informations-techniques\/caracteristicas-de-produccion-qb\/\">Caracter\u00edsticas de producci\u00f3n<\/a><\/div>\n<\/li>\n<li>\n<div><a class=\"uk-h5\" href=\"\/es\/informations-techniques\/caracteristicas-de-produccion-qb-inox\/\">Caratteristiche di produzione QB INOX<\/a><\/div>\n<\/li>\n<li>\n<div><a class=\"uk-h5\" href=\"\/es\/informations-techniques\/determinacion-de-la-transmision-qb\/\">Determinaci\u00f3n de la transmisi\u00f3n<\/a><\/div>\n<\/li>\n<\/ul>\n<\/div>\n<\/div>\n<p><a href=\"\/es\/productos\/reenvios-qb\/\"><\/a><\/p>\n<\/div>\n<div>\n<p>        <img decoding=\"async\" src=\"\/wp-content\/uploads\/transtecno_rinvii_angolari_bb.jpg\" alt=\"\"><\/p>\n<div>\n<div class=\"uk-flex-middle uk-grid-margin uk-grid\" uk-grid=\"\">\n<div class=\"uk-width-expand@s\">\n<h2 class=\"uk-h2 uk-text-primary\">REENV\u00cdOS ANGULARES<\/h2>\n<\/p><\/div>\n<div class=\"uk-width-auto@s\">\n<div class=\"uk-margin\">\n\t\t\t<a target=\"_blank\" href=\"\/wp-content\/uploads\/depliant_rinvii_angolari_di_precisione_bb.pdf\" class=\"uk-button uk-button-primary\"><br \/>\n\t\t\t\t<span class=\"uk-text-middle\">Descargar el cat\u00e1logo<\/span><br \/>\n\t\t\t<\/a>\n\t\t<\/div>\n<\/p><\/div>\n<\/div>\n<div class=\"uk-flex-middle uk-grid\" uk-grid=\"\">\n<div class=\"uk-width-expand@s\">SERIE: <strong>BB<\/strong><\/div>\n<\/div>\n<\/div>\n<p><a href=\"\/wp-content\/uploads\/depliant_rinvii_angolari_di_precisione_bb.pdf\"><\/a><\/p>\n<\/div>\n<div>\n<p>        <img decoding=\"async\" src=\"\/wp-content\/uploads\/transtecno_martinetti_meccanici.jpg\" alt=\"\"><\/p>\n<div>\n<div class=\"uk-flex-middle uk-grid-margin uk-grid\" uk-grid=\"\">\n<div class=\"uk-width-expand@s\">\n<h2 class=\"uk-h2 uk-text-primary\">GATOS MEC\u00c1NICOS<\/h2>\n<\/p><\/div>\n<div class=\"uk-width-auto@s\">\n<div class=\"uk-margin\">\n\t\t\t<a target=\"_blank\" href=\"https:\/\/lp.transtecno.com\/en\/screw-jacks\" class=\"uk-button uk-button-primary\"><br \/>\n\t\t\t\t<span class=\"uk-text-middle\">visita www.transtecno.com<\/span><br \/>\n\t\t\t<\/a>\n\t\t<\/div>\n<\/p><\/div>\n<\/div>\n<div class=\"uk-flex-middle uk-grid\" uk-grid=\"\">\n<div class=\"uk-width-expand@s\">SERIE: <strong>UP &#8211; DHT\/HS<\/strong><\/div>\n<\/div>\n<\/div>\n<p><a href=\"http:\/\/www.draintech.it\/en\/screw-jacks.html\"><\/a><\/p>\n<\/div>\n<p><!--more--><br \/>\n<!-- {\"type\":\"layout\",\"children\":[{\"name\":\"PAGINA_PRODOTTI\",\"type\":\"section\",\"props\":{\"animation\":\"slide-bottom-small\",\"animation_delay\":\"200\",\"image_position\":\"center-center\",\"style\":\"default\",\"title_breakpoint\":\"xl\",\"title_position\":\"top-left\",\"title_rotation\":\"left\",\"vertical_align\":\"\",\"width\":\"default\"},\"children\":[{\"type\":\"row\",\"children\":[{\"type\":\"column\",\"props\":{\"image_position\":\"center-center\",\"position_sticky_breakpoint\":\"m\",\"width_medium\":\"1-1\"},\"children\":[{\"name\":\"TITOLO GAMMA PRODOTTI\",\"type\":\"headline\",\"props\":{\"content\":\"Gama de productos\",\"title_decoration\":\"divider\",\"title_element\":\"h1\",\"title_style\":\"heading-small\"}}]}]},{\"type\":\"row\",\"props\":{\"layout\":\"1-2,1-2\"},\"children\":[{\"type\":\"column\",\"props\":{\"image_position\":\"center-center\",\"position_sticky_breakpoint\":\"m\",\"width_medium\":\"1-2\"},\"children\":[{\"type\":\"panel\",\"props\":{\"content\":\"\n\n<div class=\\\"uk-flex-middle uk-grid\\\" uk-grid=\\\"\\\">\\n\n\n<div class=\\\"uk-width-expand@s\\\">\\n\n\n<h2 class=\\\"uk-h2 uk-text-primary\\\">REENV\\u00cdOS ANGULARES<\\\/h2>\\n<\\\/div>\\n\n\n<div class=\\\"uk-width-auto@s\\\">\\n\n\n<div class=\\\"uk-margin\\\"><a class=\\\"uk-button  uk-button-primary\\\" href=\\\"es\\\/productos\\\/reenvios\\\/\\\"> <span class=\\\"uk-text-middle\\\">MODELOS<\\\/span> <\\\/a><\\\/div>\\n<\\\/div>\\n<\\\/div>\\n\n\n<div class=\\\"uk-flex-middle uk-grid\\\" uk-grid=\\\"\\\">\\n\n\n<div class=\\\"uk-width-expand@s\\\">SERIE: <strong>DZ, ZP, SPECIAL, INOX DZ<\\\/strong><\\\/div>\\n<\\\/div>\\n\n\n<div style=\\\"border: 4px solid #edf4fc; padding: 20px; margin-top: 20px;\\\">\\n\n\n<ul class=\\\"uk-list uk-list-divider\\\" style=\\\"margin-bottom: 0px;\\\">\\n\n\n<li>\\n\n\n<div><a class=\\\"uk-h5\\\" href=\\\"es\\\/informations-techniques\\\/caracteristicas-de-produccion\\\/\\\">Caracter\\u00edsticas de producci\\u00f3n<\\\/a><\\\/div>\\n<\\\/li>\\n\n\n<li>\\n\n\n<div><a class=\\\"uk-h5\\\" href=\\\"es\\\/informations-techniques\\\/determinacion-de-la-transmision\\\/\\\">Determinaci\\u00f3n de la transmisi\\u00f3n<\\\/a><\\\/div>\\n<\\\/li>\\n<\\\/ul>\\n<\\\/div>\",\"content_column_breakpoint\":\"m\",\"height_expand\":true,\"icon_width\":80,\"image\":\"wp-content\\\/uploads\\\/transtecno_rinvii_angolari.jpg\",\"image_align\":\"top\",\"image_grid_breakpoint\":\"m\",\"image_grid_width\":\"1-2\",\"image_link\":true,\"image_svg_color\":\"emphasis\",\"image_vertical_align\":false,\"link\":\"es\\\/productos\\\/reenvios\\\/\",\"link_style\":\"default\",\"link_text\":\"\",\"margin\":\"default\",\"meta\":\"\",\"meta_align\":\"below-title\",\"meta_element\":\"div\",\"meta_style\":\"\",\"panel_image_no_padding\":true,\"panel_padding\":\"default\",\"panel_style\":\"card-secondary\",\"text_align\":\"left\",\"text_align_breakpoint\":\"s\",\"text_align_fallback\":\"center\",\"title\":\"\",\"title_align\":\"top\",\"title_color\":\"primary\",\"title_element\":\"h1\",\"title_grid_breakpoint\":\"m\",\"title_grid_width\":\"1-2\",\"title_hover_style\":\"reset\",\"title_link\":true,\"title_style\":\"heading-small\"}}]},{\"type\":\"column\",\"props\":{\"image_position\":\"center-center\",\"position_sticky_breakpoint\":\"m\",\"width_medium\":\"1-2\"},\"children\":[{\"type\":\"panel\",\"props\":{\"content\":\"\n\n<div class=\\\"uk-flex-middle uk-grid-margin uk-grid\\\" uk-grid=\\\"\\\">\\n\n\n<div class=\\\"uk-width-expand@s\\\">\\n\n\n<h2 class=\\\"uk-h2 uk-text-primary\\\">REENV\\u00cdOS ANGULARES<\\\/h2>\\n<\\\/div>\\n\n\n<div class=\\\"uk-width-auto@s\\\">\\n\n\n<div class=\\\"uk-margin\\\"><a class=\\\"uk-button uk-button-primary\\\" href=\\\"es\\\/productos\\\/reenvios-qb\\\/\\\"> <span class=\\\"uk-text-middle\\\">MODELOS<\\\/span> <\\\/a><\\\/div>\\n<\\\/div>\\n<\\\/div>\\n\n\n<div class=\\\"uk-flex-middle uk-grid\\\" uk-grid=\\\"\\\">\\n\n\n<div class=\\\"uk-width-expand@s\\\">SERIE: <strong>QB, QB INOX<\\\/strong><\\\/div>\\n<\\\/div>\\n\n\n<div style=\\\"border: 4px solid #edf4fc; padding: 20px; margin-top: 20px;\\\">\\n\n\n<ul class=\\\"uk-list uk-list-divider\\\" style=\\\"margin-bottom: 0px;\\\">\\n\n\n<li>\\n\n\n<div><a class=\\\"uk-h5\\\" href=\\\"es\\\/informations-techniques\\\/caracteristicas-de-produccion-qb\\\/\\\">Caracter\\u00edsticas de producci\\u00f3n<\\\/a><\\\/div>\\n<\\\/li>\\n\n\n<li>\\n\n\n<div><a class=\\\"uk-h5\\\" href=\\\"es\\\/informations-techniques\\\/caracteristicas-de-produccion-qb-inox\\\/\\\">Caratteristiche di produzione QB INOX<\\\/a><\\\/div>\\n<\\\/li>    \\n\n\n<li>\\n\n\n<div><a class=\\\"uk-h5\\\" href=\\\"es\\\/informations-techniques\\\/determinacion-de-la-transmision-qb\\\/\\\">Determinaci\\u00f3n de la transmisi\\u00f3n<\\\/a><\\\/div>\\n<\\\/li>\\n<\\\/ul>\\n<\\\/div>\",\"content_column_breakpoint\":\"m\",\"height_expand\":true,\"icon_width\":80,\"image\":\"wp-content\\\/uploads\\\/transtecno_rinvii_angolari_qb.jpg\",\"image_align\":\"top\",\"image_grid_breakpoint\":\"m\",\"image_grid_width\":\"1-2\",\"image_link\":true,\"image_svg_color\":\"emphasis\",\"image_vertical_align\":false,\"link\":\"es\\\/productos\\\/reenvios-qb\\\/\",\"link_style\":\"default\",\"link_text\":\"\",\"margin\":\"default\",\"meta\":\"\",\"meta_align\":\"below-title\",\"meta_element\":\"div\",\"meta_style\":\"\",\"panel_image_no_padding\":true,\"panel_padding\":\"default\",\"panel_style\":\"card-secondary\",\"text_align\":\"left\",\"text_align_breakpoint\":\"s\",\"text_align_fallback\":\"center\",\"title\":\"\",\"title_align\":\"top\",\"title_color\":\"primary\",\"title_element\":\"h1\",\"title_grid_breakpoint\":\"m\",\"title_grid_width\":\"1-2\",\"title_hover_style\":\"reset\",\"title_link\":true,\"title_style\":\"heading-small\"}}]}]},{\"type\":\"row\",\"props\":{\"layout\":\"1-2,1-2\"},\"children\":[{\"type\":\"column\",\"props\":{\"image_position\":\"center-center\",\"position_sticky_breakpoint\":\"m\",\"width_medium\":\"1-2\"},\"children\":[{\"type\":\"panel\",\"props\":{\"content\":\"\n\n<div class=\\\"uk-flex-middle uk-grid-margin uk-grid\\\" uk-grid=\\\"\\\">\\n\\t\n\n<div class=\\\"uk-width-expand@s\\\">\\n\\t\\t\n\n<h2 class=\\\"uk-h2 uk-text-primary\\\">REENV\\u00cdOS ANGULARES<\\\/h2>\\n\\t<\\\/div>\\n\\t\n\n<div class=\\\"uk-width-auto@s\\\">\\n\\t\\t\n\n<div class=\\\"uk-margin\\\">\\n\\t\\t\\t<a target=\\\"_blank\\\" href=\\\"wp-content\\\/uploads\\\/depliant_rinvii_angolari_di_precisione_bb.pdf\\\" class=\\\"uk-button uk-button-primary\\\">\\n\\t\\t\\t\\t<span class=\\\"uk-text-middle\\\">Descargar el cat\\u00e1logo<\\\/span>\\n\\t\\t\\t<\\\/a>\\n\\t\\t<\\\/div>\\n\\t<\\\/div>\\n<\\\/div>\\n\n\n<div class=\\\"uk-flex-middle uk-grid\\\" uk-grid=\\\"\\\">\\n\n\n<div class=\\\"uk-width-expand@s\\\">SERIE: <strong>BB<\\\/strong><\\\/div>\\n<\\\/div>\",\"content_column_breakpoint\":\"m\",\"height_expand\":true,\"icon_width\":80,\"image\":\"wp-content\\\/uploads\\\/transtecno_rinvii_angolari_bb.jpg\",\"image_align\":\"top\",\"image_grid_breakpoint\":\"m\",\"image_grid_width\":\"1-2\",\"image_link\":true,\"image_svg_color\":\"emphasis\",\"image_vertical_align\":false,\"link\":\"wp-content\\\/uploads\\\/depliant_rinvii_angolari_di_precisione_bb.pdf\",\"link_style\":\"default\",\"link_target\":true,\"link_text\":\"\",\"margin\":\"default\",\"meta\":\"\",\"meta_align\":\"below-title\",\"meta_element\":\"div\",\"meta_style\":\"\",\"panel_image_no_padding\":true,\"panel_padding\":\"default\",\"panel_style\":\"card-secondary\",\"text_align\":\"left\",\"text_align_breakpoint\":\"s\",\"text_align_fallback\":\"center\",\"title\":\"\",\"title_align\":\"top\",\"title_color\":\"primary\",\"title_element\":\"h1\",\"title_grid_breakpoint\":\"m\",\"title_grid_width\":\"1-2\",\"title_hover_style\":\"reset\",\"title_link\":true,\"title_style\":\"heading-small\"}}]},{\"type\":\"column\",\"props\":{\"image_position\":\"center-center\",\"position_sticky_breakpoint\":\"m\",\"width_medium\":\"1-2\"},\"children\":[{\"type\":\"panel\",\"props\":{\"content\":\"\n\n<div class=\\\"uk-flex-middle uk-grid-margin uk-grid\\\" uk-grid=\\\"\\\">\\n\\t\n\n<div class=\\\"uk-width-expand@s\\\">\\n\\t\\t\n\n<h2 class=\\\"uk-h2 uk-text-primary\\\">GATOS MEC\\u00c1NICOS<\\\/h2>\\n\\t<\\\/div>\\n\\t\n\n<div class=\\\"uk-width-auto@s\\\">\\n\\t\\t\n\n<div class=\\\"uk-margin\\\">\\n\\t\\t\\t<a target=\\\"_blank\\\" href=\\\"https:\\\/\\\/lp.transtecno.com\\\/en\\\/screw-jacks\\\" class=\\\"uk-button uk-button-primary\\\">\\n\\t\\t\\t\\t<span class=\\\"uk-text-middle\\\">visita www.transtecno.com<\\\/span>\\n\\t\\t\\t<\\\/a>\\n\\t\\t<\\\/div>\\n\\t<\\\/div>\\n<\\\/div>\\n\\n\n\n<div class=\\\"uk-flex-middle uk-grid\\\" uk-grid=\\\"\\\">\\n\n\n<div class=\\\"uk-width-expand@s\\\">SERIE: <strong>UP - DHT\\\/HS<\\\/strong><\\\/div>\\n<\\\/div>\",\"content_column_breakpoint\":\"m\",\"height_expand\":true,\"icon_width\":80,\"image\":\"wp-content\\\/uploads\\\/transtecno_martinetti_meccanici.jpg\",\"image_align\":\"top\",\"image_grid_breakpoint\":\"m\",\"image_grid_width\":\"1-2\",\"image_link\":true,\"image_svg_color\":\"emphasis\",\"image_vertical_align\":false,\"link\":\"http:\\\/\\\/www.draintech.it\\\/en\\\/screw-jacks.html\",\"link_style\":\"default\",\"link_target\":true,\"link_text\":\"\",\"margin\":\"default\",\"meta\":\"\",\"meta_align\":\"below-title\",\"meta_element\":\"div\",\"meta_style\":\"\",\"panel_image_no_padding\":true,\"panel_padding\":\"default\",\"panel_style\":\"card-secondary\",\"text_align\":\"left\",\"text_align_breakpoint\":\"s\",\"text_align_fallback\":\"center\",\"title\":\"\",\"title_align\":\"top\",\"title_color\":\"primary\",\"title_element\":\"h1\",\"title_grid_breakpoint\":\"m\",\"title_grid_width\":\"1-2\",\"title_hover_style\":\"reset\",\"title_link\":true,\"title_style\":\"heading-small\"}}]}]}]}],\"version\":\"4.4.5\"} --><\/p>\n","protected":false},"excerpt":{"rendered":"<p>Gama de productos REENV\u00cdOS ANGULARES MODELOS SERIE: DZ, ZP, SPECIAL, INOX DZ Caracter\u00edsticas de producci\u00f3n Determinaci\u00f3n de la transmisi\u00f3n REENV\u00cdOS ANGULARES MODELOS SERIE: QB, QB INOX Caracter\u00edsticas de producci\u00f3n Caratteristiche di produzione QB INOX Determinaci\u00f3n de la transmisi\u00f3n REENV\u00cdOS ANGULARES Descargar el cat\u00e1logo SERIE: BB GATOS MEC\u00c1NICOS visita www.transtecno.com SERIE: UP &#8211; DHT\/HS<\/p>\n","protected":false},"author":4,"featured_media":0,"parent":0,"menu_order":18,"comment_status":"closed","ping_status":"closed","template":"","meta":{"_acf_changed":false,"footnotes":""},"class_list":["post-3546","page","type-page","status-publish","hentry"],"acf":[],"yoast_head":"<!-- This site is optimized with the Yoast SEO plugin v26.1.1 - https:\/\/yoast.com\/wordpress\/plugins\/seo\/ -->\n<title>Reenv\u00edos angulares, gatos mec\u00e1nicos y actuadores lineales - DZ<\/title>\n<meta name=\"description\" content=\"Una amplia gama de reductores y reenv\u00edos angulares para transmitir el movimiento de forma precisa, construida con materiales y tecnolog\u00eda de alta calidad.\" \/>\n<meta name=\"robots\" content=\"index, follow, max-snippet:-1, max-image-preview:large, max-video-preview:-1\" \/>\n<link rel=\"canonical\" href=\"https:\/\/www.dztrasmissioni.it\/es\/gama-de-productos\/\" \/>\n<meta property=\"og:locale\" content=\"es_ES\" \/>\n<meta property=\"og:type\" content=\"article\" \/>\n<meta property=\"og:title\" content=\"Reenv\u00edos angulares, gatos mec\u00e1nicos y actuadores lineales - DZ\" \/>\n<meta property=\"og:description\" content=\"Una amplia gama de reductores y reenv\u00edos angulares para transmitir el movimiento de forma precisa, construida con materiales y tecnolog\u00eda de alta calidad.\" \/>\n<meta property=\"og:url\" content=\"https:\/\/www.dztrasmissioni.it\/es\/gama-de-productos\/\" \/>\n<meta property=\"og:site_name\" content=\"DZ Trasmissioni\" \/>\n<meta property=\"article:modified_time\" content=\"2024-07-23T15:17:59+00:00\" \/>\n<meta name=\"twitter:card\" content=\"summary_large_image\" \/>\n<script type=\"application\/ld+json\" class=\"yoast-schema-graph\">{\"@context\":\"https:\/\/schema.org\",\"@graph\":[{\"@type\":\"WebPage\",\"@id\":\"https:\/\/www.dztrasmissioni.it\/es\/gama-de-productos\/\",\"url\":\"https:\/\/www.dztrasmissioni.it\/es\/gama-de-productos\/\",\"name\":\"Reenv\u00edos angulares, gatos mec\u00e1nicos y actuadores lineales - DZ\",\"isPartOf\":{\"@id\":\"https:\/\/www.dztrasmissioni.it\/es\/#website\"},\"datePublished\":\"2018-10-31T19:51:11+00:00\",\"dateModified\":\"2024-07-23T15:17:59+00:00\",\"description\":\"Una amplia gama de reductores y reenv\u00edos angulares para transmitir el movimiento de forma precisa, construida con materiales y tecnolog\u00eda de alta calidad.\",\"breadcrumb\":{\"@id\":\"https:\/\/www.dztrasmissioni.it\/es\/gama-de-productos\/#breadcrumb\"},\"inLanguage\":\"es\",\"potentialAction\":[{\"@type\":\"ReadAction\",\"target\":[\"https:\/\/www.dztrasmissioni.it\/es\/gama-de-productos\/\"]}]},{\"@type\":\"BreadcrumbList\",\"@id\":\"https:\/\/www.dztrasmissioni.it\/es\/gama-de-productos\/#breadcrumb\",\"itemListElement\":[{\"@type\":\"ListItem\",\"position\":1,\"name\":\"Home\",\"item\":\"https:\/\/www.dztrasmissioni.it\/es\/\"},{\"@type\":\"ListItem\",\"position\":2,\"name\":\"Productos\"}]},{\"@type\":\"WebSite\",\"@id\":\"https:\/\/www.dztrasmissioni.it\/es\/#website\",\"url\":\"https:\/\/www.dztrasmissioni.it\/es\/\",\"name\":\"DZ Trasmissioni\",\"description\":\"Rinvii angolari di precisione\",\"publisher\":{\"@id\":\"https:\/\/www.dztrasmissioni.it\/es\/#organization\"},\"potentialAction\":[{\"@type\":\"SearchAction\",\"target\":{\"@type\":\"EntryPoint\",\"urlTemplate\":\"https:\/\/www.dztrasmissioni.it\/es\/?s={search_term_string}\"},\"query-input\":{\"@type\":\"PropertyValueSpecification\",\"valueRequired\":true,\"valueName\":\"search_term_string\"}}],\"inLanguage\":\"es\"},{\"@type\":\"Organization\",\"@id\":\"https:\/\/www.dztrasmissioni.it\/es\/#organization\",\"name\":\"DZ Trasmissioni\",\"url\":\"https:\/\/www.dztrasmissioni.it\/es\/\",\"logo\":{\"@type\":\"ImageObject\",\"inLanguage\":\"es\",\"@id\":\"https:\/\/www.dztrasmissioni.it\/es\/#\/schema\/logo\/image\/\",\"url\":\"https:\/\/dztrasmissioni.it\/wp-content\/uploads\/apple_touch_icon_dz.png\",\"contentUrl\":\"https:\/\/dztrasmissioni.it\/wp-content\/uploads\/apple_touch_icon_dz.png\",\"width\":180,\"height\":180,\"caption\":\"DZ Trasmissioni\"},\"image\":{\"@id\":\"https:\/\/www.dztrasmissioni.it\/es\/#\/schema\/logo\/image\/\"}}]}<\/script>\n<!-- \/ Yoast SEO plugin. -->","yoast_head_json":{"title":"Reenv\u00edos angulares, gatos mec\u00e1nicos y actuadores lineales - DZ","description":"Una amplia gama de reductores y reenv\u00edos angulares para transmitir el movimiento de forma precisa, construida con materiales y tecnolog\u00eda de alta calidad.","robots":{"index":"index","follow":"follow","max-snippet":"max-snippet:-1","max-image-preview":"max-image-preview:large","max-video-preview":"max-video-preview:-1"},"canonical":"https:\/\/www.dztrasmissioni.it\/es\/gama-de-productos\/","og_locale":"es_ES","og_type":"article","og_title":"Reenv\u00edos angulares, gatos mec\u00e1nicos y actuadores lineales - DZ","og_description":"Una amplia gama de reductores y reenv\u00edos angulares para transmitir el movimiento de forma precisa, construida con materiales y tecnolog\u00eda de alta calidad.","og_url":"https:\/\/www.dztrasmissioni.it\/es\/gama-de-productos\/","og_site_name":"DZ Trasmissioni","article_modified_time":"2024-07-23T15:17:59+00:00","twitter_card":"summary_large_image","schema":{"@context":"https:\/\/schema.org","@graph":[{"@type":"WebPage","@id":"https:\/\/www.dztrasmissioni.it\/es\/gama-de-productos\/","url":"https:\/\/www.dztrasmissioni.it\/es\/gama-de-productos\/","name":"Reenv\u00edos angulares, gatos mec\u00e1nicos y actuadores lineales - DZ","isPartOf":{"@id":"https:\/\/www.dztrasmissioni.it\/es\/#website"},"datePublished":"2018-10-31T19:51:11+00:00","dateModified":"2024-07-23T15:17:59+00:00","description":"Una amplia gama de reductores y reenv\u00edos angulares para transmitir el movimiento de forma precisa, construida con materiales y tecnolog\u00eda de alta calidad.","breadcrumb":{"@id":"https:\/\/www.dztrasmissioni.it\/es\/gama-de-productos\/#breadcrumb"},"inLanguage":"es","potentialAction":[{"@type":"ReadAction","target":["https:\/\/www.dztrasmissioni.it\/es\/gama-de-productos\/"]}]},{"@type":"BreadcrumbList","@id":"https:\/\/www.dztrasmissioni.it\/es\/gama-de-productos\/#breadcrumb","itemListElement":[{"@type":"ListItem","position":1,"name":"Home","item":"https:\/\/www.dztrasmissioni.it\/es\/"},{"@type":"ListItem","position":2,"name":"Productos"}]},{"@type":"WebSite","@id":"https:\/\/www.dztrasmissioni.it\/es\/#website","url":"https:\/\/www.dztrasmissioni.it\/es\/","name":"DZ Trasmissioni","description":"Rinvii angolari di precisione","publisher":{"@id":"https:\/\/www.dztrasmissioni.it\/es\/#organization"},"potentialAction":[{"@type":"SearchAction","target":{"@type":"EntryPoint","urlTemplate":"https:\/\/www.dztrasmissioni.it\/es\/?s={search_term_string}"},"query-input":{"@type":"PropertyValueSpecification","valueRequired":true,"valueName":"search_term_string"}}],"inLanguage":"es"},{"@type":"Organization","@id":"https:\/\/www.dztrasmissioni.it\/es\/#organization","name":"DZ Trasmissioni","url":"https:\/\/www.dztrasmissioni.it\/es\/","logo":{"@type":"ImageObject","inLanguage":"es","@id":"https:\/\/www.dztrasmissioni.it\/es\/#\/schema\/logo\/image\/","url":"https:\/\/dztrasmissioni.it\/wp-content\/uploads\/apple_touch_icon_dz.png","contentUrl":"https:\/\/dztrasmissioni.it\/wp-content\/uploads\/apple_touch_icon_dz.png","width":180,"height":180,"caption":"DZ Trasmissioni"},"image":{"@id":"https:\/\/www.dztrasmissioni.it\/es\/#\/schema\/logo\/image\/"}}]}},"_links":{"self":[{"href":"https:\/\/www.dztrasmissioni.it\/es\/wp-json\/wp\/v2\/pages\/3546","targetHints":{"allow":["GET"]}}],"collection":[{"href":"https:\/\/www.dztrasmissioni.it\/es\/wp-json\/wp\/v2\/pages"}],"about":[{"href":"https:\/\/www.dztrasmissioni.it\/es\/wp-json\/wp\/v2\/types\/page"}],"author":[{"embeddable":true,"href":"https:\/\/www.dztrasmissioni.it\/es\/wp-json\/wp\/v2\/users\/4"}],"replies":[{"embeddable":true,"href":"https:\/\/www.dztrasmissioni.it\/es\/wp-json\/wp\/v2\/comments?post=3546"}],"version-history":[{"count":28,"href":"https:\/\/www.dztrasmissioni.it\/es\/wp-json\/wp\/v2\/pages\/3546\/revisions"}],"predecessor-version":[{"id":5643,"href":"https:\/\/www.dztrasmissioni.it\/es\/wp-json\/wp\/v2\/pages\/3546\/revisions\/5643"}],"wp:attachment":[{"href":"https:\/\/www.dztrasmissioni.it\/es\/wp-json\/wp\/v2\/media?parent=3546"}],"curies":[{"name":"wp","href":"https:\/\/api.w.org\/{rel}","templated":true}]}}