{"id":3536,"date":"2018-10-05T14:04:38","date_gmt":"2018-10-05T12:04:38","guid":{"rendered":"https:\/\/dztrasmissioni.it\/home\/"},"modified":"2025-08-27T11:48:25","modified_gmt":"2025-08-27T09:48:25","slug":"accueil","status":"publish","type":"page","link":"https:\/\/www.dztrasmissioni.it\/fr\/","title":{"rendered":"Accueil"},"content":{"rendered":"<div>\n<p>    <img decoding=\"async\" src=\"\/wp-content\/uploads\/transtecno_slider_homepage.jpg\" alt=\"\"><\/p>\n<h3>CATALOGUES DE PRODUITS<\/h3>\n<p><a href=\"https:\/\/dztrasmissioni.it\/fr\/catalogues-et-brochures\/\">Scopri di piu<\/a><\/p>\n<\/div>\n<h2>DZ Trasmissioni<\/h2>\n<h3>L\u2019entreprise DZ trasmissioni, gr\u00e2ce \u00e0 ses trente ann\u00e9es d&rsquo;exp\u00e9rience, r\u00e9sout avec les r\u00e9ducteurs \u00e0 couple conique n\u2019importe quel probl\u00e8me de transmission de puissantes un mouvement rotatif entre deux ou plusieurs axes dispos\u00e9s \u00e0 90\u00b0 entre eux. Depuis 2021, DZ est une Division du fabricant de motor\u00e9ducteurs Transtecno Group.<\/h3>\n<p><p>\n        <a href=\"https:\/\/dztrasmissioni.it\/fr\/a-propos-de-nous\/\">pour en savoir plus<\/a>\n    <\/p>\n<\/p>\n<p><img decoding=\"async\" src=\"\/wp-content\/uploads\/2018\/11\/img_azienda-dz.jpg\" alt=\"\"><\/p>\n<hr>\n<div>\n<p>        <img decoding=\"async\" src=\"\/wp-content\/uploads\/gamma_prodotti.jpg\" alt=\"\"><\/p>\n<h3>Nous transmettons l&rsquo;innovation dans toutes les directions<\/h3>\n<div>\n<p>Une large gamme de produits pour transmettre le mouvement de mani\u00e8re innovante et pr\u00e9cise, fabriqu\u00e9s avec des mat\u00e9riaux de haute qualit\u00e9, design et technologie compl\u00e8tement r\u00e9alis\u00e9s en Italie.<\/p>\n<\/div>\n<p><a href=\"https:\/\/dztrasmissioni.it\/fr\/gamme-de-produits\/\">D\u00e9couvrez notre gamme de produits<\/a><\/p>\n<\/div>\n<div>\n<h3>Nouveaut\u00e9s<\/h3>\n<p><a href=\"https:\/\/dztrasmissioni.it\/fr\/nouveautes-evenements\/nouveautes\/\"><\/a><\/p>\n<\/div>\n<div>\n<\/div>\n<div>\n<h3>Evenements<\/h3>\n<p><a href=\"https:\/\/dztrasmissioni.it\/fr\/nouveautes-evenements\/evenements\/\"><\/a><\/p>\n<\/div>\n<div>\n<\/div>\n<p><!--more--><br \/>\n<!-- {\"name\":\"Home\",\"type\":\"layout\",\"children\":[{\"type\":\"section\",\"props\":{\"image_position\":\"center-center\",\"padding\":\"none\",\"style\":\"default\",\"title_breakpoint\":\"xl\",\"title_position\":\"top-left\",\"title_rotation\":\"left\",\"vertical_align\":\"\",\"width\":\"\"},\"children\":[{\"type\":\"row\",\"children\":[{\"type\":\"column\",\"props\":{\"image_position\":\"center-center\",\"position_sticky_breakpoint\":\"m\"},\"children\":[{\"type\":\"panel-slider\",\"props\":{\"content_column_breakpoint\":\"m\",\"css\":\".el-image{\\n\\twidth: 100vw;\\n}\\n\\n.el-item > .uk-card-media-top{\\n    display: flex;\\n    align-items: center;\\n    overflow:hidden;\\n\\tmax-height:38vw;\\n}\\n\\n.el-item > .uk-card-body {\\n  max-width: 1200px;\\n  margin: 0 auto;\\n}\\n\\n@media screen and (min-width:960px){\\n    .el-item > .uk-card-body {\\n      padding: 40px 40px;\\n    }\\n}\\n\\n.el-item > .uk-card-body > div {\\n  align-items: center;\\n}\\n\\n.el-slidenav{\\n\\tmargin-top: -6vw;\\n}\",\"icon_width\":80,\"image_align\":\"top\",\"image_grid_breakpoint\":\"m\",\"image_grid_width\":\"1-2\",\"image_svg_color\":\"emphasis\",\"link_style\":\"primary\",\"link_text\":\"Scopri di piu\",\"margin\":\"default\",\"meta_align\":\"below-title\",\"meta_element\":\"div\",\"meta_margin\":\"remove\",\"meta_style\":\"\",\"nav\":\"\",\"nav_align\":\"center\",\"nav_breakpoint\":\"s\",\"panel_card_offset\":false,\"panel_image_no_padding\":true,\"panel_match\":true,\"panel_padding\":\"small\",\"panel_style\":\"card-default\",\"show_content\":true,\"show_hover_image\":true,\"show_hover_video\":true,\"show_image\":true,\"show_link\":true,\"show_meta\":true,\"show_title\":true,\"show_video\":true,\"slidenav\":\"default\",\"slidenav_breakpoint\":\"m\",\"slidenav_hover\":true,\"slidenav_large\":true,\"slidenav_margin\":\"medium\",\"slidenav_outside_breakpoint\":\"xl\",\"slider_autoplay\":true,\"slider_autoplay_pause\":true,\"slider_gap\":\"\",\"slider_width\":\"fixed\",\"slider_width_default\":\"1-1\",\"slider_width_medium\":\"\",\"text_align\":\"left\",\"text_align_breakpoint\":\"s\",\"text_align_fallback\":\"center\",\"title_align\":\"left\",\"title_color\":\"primary\",\"title_element\":\"h3\",\"title_grid_breakpoint\":\"s\",\"title_grid_width\":\"expand\",\"title_hover_style\":\"reset\",\"title_style\":\"h2\"},\"children\":[{\"type\":\"panel-slider_item\",\"props\":{\"image\":\"wp-content\\\/uploads\\\/transtecno_slider_homepage.jpg\",\"link\":\"fr\\\/catalogues-et-brochures\\\/\",\"meta\":\"\",\"title\":\"CATALOGUES DE PRODUITS\"}}]}]}]}],\"name\":\"Header home 2023\"},{\"type\":\"section\",\"props\":{\"image_position\":\"center-center\",\"style\":\"muted\",\"title_breakpoint\":\"xl\",\"title_position\":\"top-left\",\"title_rotation\":\"left\",\"vertical_align\":\"\",\"width\":\"default\"},\"children\":[{\"type\":\"row\",\"children\":[{\"type\":\"column\",\"props\":{\"image_position\":\"center-center\",\"position_sticky_breakpoint\":\"m\"},\"children\":[{\"type\":\"headline\",\"props\":{\"content\":\"DZ Trasmissioni\",\"margin_remove_bottom\":false,\"title_color\":\"primary\",\"title_element\":\"h2\"}}]}]},{\"type\":\"row\",\"props\":{\"layout\":\"2-3,1-3\"},\"children\":[{\"type\":\"column\",\"props\":{\"image_position\":\"center-center\",\"position_sticky_breakpoint\":\"m\",\"width_medium\":\"2-3\"},\"children\":[{\"type\":\"headline\",\"props\":{\"content\":\"L\\u2019entreprise DZ trasmissioni, gr\\u00e2ce \\u00e0 ses trente ann\\u00e9es d'exp\\u00e9rience, r\\u00e9sout avec les r\\u00e9ducteurs \\u00e0 couple conique n\\u2019importe quel probl\\u00e8me de transmission de puissantes un mouvement rotatif entre deux ou plusieurs axes dispos\\u00e9s \\u00e0 90\\u00b0 entre eux. Depuis 2021, DZ est une Division du fabricant de motor\\u00e9ducteurs Transtecno Group.\",\"margin_remove_top\":true,\"title_element\":\"h3\",\"title_style\":\"h3\"}},{\"type\":\"button\",\"props\":{\"grid_column_gap\":\"small\",\"grid_row_gap\":\"small\",\"margin\":\"default\"},\"children\":[{\"type\":\"button_item\",\"props\":{\"button_style\":\"primary\",\"content\":\"pour en savoir plus\",\"dialog_layout\":\"modal\",\"dialog_offcanvas_flip\":true,\"icon_align\":\"left\",\"link\":\"fr\\\/a-propos-de-nous\\\/\"}}]}]},{\"type\":\"column\",\"props\":{\"image_position\":\"center-center\",\"position_sticky_breakpoint\":\"m\",\"width_medium\":\"1-3\"},\"children\":[{\"type\":\"image\",\"props\":{\"image\":\"wp-content\\\/uploads\\\/2018\\\/11\\\/img_azienda-dz.jpg\",\"image_svg_color\":\"emphasis\",\"margin\":\"default\"}}]}]},{\"type\":\"row\",\"children\":[{\"type\":\"column\",\"props\":{\"image_position\":\"center-center\",\"position_sticky_breakpoint\":\"m\",\"width_medium\":\"1-1\"},\"children\":[{\"type\":\"divider\",\"props\":{\"divider_element\":\"hr\"}}]}]},{\"type\":\"row\",\"children\":[{\"type\":\"column\",\"props\":{\"image_position\":\"center-center\",\"position_sticky_breakpoint\":\"m\",\"width_medium\":\"1-1\"},\"children\":[{\"type\":\"panel\",\"props\":{\"content\":\"\n\n<p>Une large gamme de produits pour transmettre le mouvement de mani\\u00e8re innovante et pr\\u00e9cise, fabriqu\\u00e9s avec des mat\\u00e9riaux de haute qualit\\u00e9, design et technologie compl\\u00e8tement r\\u00e9alis\\u00e9s en Italie.<\\\/p>\",\"content_column_breakpoint\":\"m\",\"css\":\".el-title{\\n\\tfont-size: 25px;\\n}\",\"icon_width\":80,\"image\":\"wp-content\\\/uploads\\\/gamma_prodotti.jpg\",\"image_align\":\"left\",\"image_grid_breakpoint\":\"m\",\"image_grid_width\":\"1-2\",\"image_svg_color\":\"emphasis\",\"image_vertical_align\":true,\"link\":\"fr\\\/gamme-de-produits\\\/\",\"link_style\":\"primary\",\"link_text\":\"D\\u00e9couvrez notre gamme de produits\",\"margin\":\"default\",\"meta_align\":\"below-title\",\"meta_element\":\"div\",\"meta_style\":\"text-meta\",\"panel_expand\":\"image\",\"panel_image_no_padding\":true,\"panel_padding\":\"default\",\"panel_style\":\"card-default\",\"title\":\"Nous transmettons l'innovation dans toutes les directions\",\"title_align\":\"top\",\"title_element\":\"h3\",\"title_grid_breakpoint\":\"m\",\"title_grid_width\":\"1-2\",\"title_hover_style\":\"reset\",\"title_style\":\"h2\"}}]}]}]},{\"type\":\"section\",\"props\":{\"image_position\":\"center-center\",\"style\":\"default\",\"title_breakpoint\":\"xl\",\"title_position\":\"top-left\",\"title_rotation\":\"left\",\"vertical_align\":\"\",\"width\":\"default\"},\"children\":[{\"type\":\"row\",\"props\":{\"column_gap\":\"large\",\"divider\":false,\"layout\":\"1-2,1-2\",\"row_gap\":\"large\"},\"children\":[{\"type\":\"column\",\"props\":{\"image_position\":\"center-center\",\"position_sticky_breakpoint\":\"m\",\"width_medium\":\"1-2\"},\"children\":[{\"type\":\"panel\",\"props\":{\"content_column_breakpoint\":\"m\",\"css\":\".el-element > *{\\n\\tborder-top:1px solid #e9e9e9;;;\\n    border-bottom:1px solid #e9e9e9;;\\n}\",\"icon\":\"arrow-right\",\"icon_width\":40,\"image_align\":\"right\",\"image_grid_breakpoint\":\"\",\"image_grid_width\":\"auto\",\"image_svg_color\":\"emphasis\",\"image_vertical_align\":true,\"link\":\"fr\\\/categorie-news\\\/nouveautes\\\/\",\"link_style\":\"default\",\"link_text\":\"\",\"margin\":\"default\",\"meta_align\":\"below-title\",\"meta_element\":\"div\",\"meta_style\":\"text-meta\",\"panel_link\":true,\"title\":\"Nouveaut\\u00e9s\",\"title_align\":\"top\",\"title_color\":\"primary\",\"title_element\":\"h3\",\"title_grid_breakpoint\":\"m\",\"title_grid_width\":\"1-2\",\"title_hover_style\":\"reset\",\"title_style\":\"h1\"},\"name\":\"titolo link news home\"},{\"type\":\"panel-slider\",\"props\":{\"content_column_breakpoint\":\"m\",\"icon_width\":80,\"image_align\":\"between\",\"image_grid_breakpoint\":\"m\",\"image_grid_width\":\"1-2\",\"image_height\":\"717\",\"image_svg_color\":\"emphasis\",\"image_width\":\"1024\",\"link_style\":\"default\",\"link_text\":\"Read more\",\"margin\":\"default\",\"meta_align\":\"above-title\",\"meta_color\":\"primary\",\"meta_element\":\"div\",\"meta_style\":\"text-meta\",\"nav\":\"\",\"nav_align\":\"center\",\"nav_breakpoint\":\"s\",\"panel_match\":true,\"show_content\":true,\"show_hover_image\":true,\"show_hover_video\":true,\"show_image\":true,\"show_link\":true,\"show_meta\":true,\"show_title\":true,\"show_video\":true,\"slidenav\":\"\",\"slidenav_breakpoint\":\"xl\",\"slidenav_margin\":\"medium\",\"slidenav_outside_breakpoint\":\"xl\",\"slider_autoplay\":true,\"slider_autoplay_pause\":true,\"slider_gap\":\"default\",\"slider_width\":\"fixed\",\"slider_width_default\":\"1-1\",\"slider_width_medium\":\"\",\"title_align\":\"top\",\"title_element\":\"h3\",\"title_grid_breakpoint\":\"m\",\"title_grid_width\":\"1-2\",\"title_hover_style\":\"reset\"},\"children\":[{\"type\":\"panel-slider_item\",\"source\":{\"query\":{\"name\":\"newseventi.customNewseventi\",\"arguments\":{\"terms\":[65],\"offset\":0,\"limit\":5,\"order\":\"date\",\"order_direction\":\"DESC\"}},\"props\":{\"title\":{\"filters\":{\"search\":\"\"},\"name\":\"title\"},\"meta\":{\"filters\":{\"search\":\"\",\"date\":\"\"},\"name\":\"date\"},\"content\":{\"filters\":{\"search\":\"\"},\"arguments\":{\"show_intro_text\":true},\"name\":\"content\"},\"image\":{\"filters\":{\"search\":\"\"},\"name\":\"featuredImage.url\"},\"image_alt\":{\"filters\":{\"search\":\"\"},\"name\":\"title\"}}}}]}]},{\"type\":\"column\",\"props\":{\"image_position\":\"center-center\",\"position_sticky_breakpoint\":\"m\",\"width_medium\":\"1-2\"},\"children\":[{\"type\":\"panel\",\"props\":{\"content_column_breakpoint\":\"m\",\"css\":\".el-element > *{\\n\\tborder-top:1px solid #e9e9e9;;;\\n    border-bottom:1px solid #e9e9e9;;\\n}\",\"icon\":\"arrow-right\",\"icon_width\":40,\"image_align\":\"right\",\"image_grid_breakpoint\":\"\",\"image_grid_width\":\"auto\",\"image_svg_color\":\"emphasis\",\"image_vertical_align\":true,\"link\":\"fr\\\/categorie-news\\\/evenements\\\/\",\"link_style\":\"default\",\"link_text\":\"\",\"margin\":\"default\",\"meta_align\":\"below-title\",\"meta_element\":\"div\",\"meta_style\":\"text-meta\",\"panel_link\":true,\"title\":\"Evenements\",\"title_align\":\"top\",\"title_color\":\"primary\",\"title_element\":\"h3\",\"title_grid_breakpoint\":\"m\",\"title_grid_width\":\"1-2\",\"title_hover_style\":\"reset\",\"title_style\":\"h1\"},\"name\":\"titolo link news home\"},{\"type\":\"panel-slider\",\"props\":{\"content_column_breakpoint\":\"m\",\"icon_width\":80,\"image_align\":\"between\",\"image_grid_breakpoint\":\"m\",\"image_grid_width\":\"1-2\",\"image_height\":\"717\",\"image_svg_color\":\"emphasis\",\"image_width\":\"1024\",\"link_style\":\"default\",\"link_text\":\"Read more\",\"margin\":\"default\",\"meta_align\":\"above-title\",\"meta_color\":\"primary\",\"meta_element\":\"div\",\"meta_style\":\"text-meta\",\"nav\":\"\",\"nav_align\":\"center\",\"nav_breakpoint\":\"s\",\"panel_match\":true,\"show_content\":true,\"show_hover_image\":true,\"show_hover_video\":true,\"show_image\":true,\"show_link\":true,\"show_meta\":true,\"show_title\":true,\"show_video\":true,\"slidenav\":\"\",\"slidenav_breakpoint\":\"xl\",\"slidenav_margin\":\"medium\",\"slidenav_outside_breakpoint\":\"xl\",\"slider_autoplay\":true,\"slider_autoplay_pause\":true,\"slider_gap\":\"default\",\"slider_width\":\"fixed\",\"slider_width_default\":\"1-1\",\"slider_width_medium\":\"\",\"title_align\":\"top\",\"title_element\":\"h3\",\"title_grid_breakpoint\":\"m\",\"title_grid_width\":\"1-2\",\"title_hover_style\":\"reset\"},\"children\":[{\"type\":\"panel-slider_item\",\"source\":{\"query\":{\"name\":\"newseventi.customNewseventi\",\"arguments\":{\"terms\":[66],\"offset\":0,\"limit\":5,\"order\":\"date\",\"order_direction\":\"DESC\"}},\"props\":{\"title\":{\"filters\":{\"search\":\"\"},\"name\":\"title\"},\"meta\":{\"filters\":{\"search\":\"\",\"date\":\"\"},\"name\":\"date\"},\"content\":{\"filters\":{\"search\":\"\"},\"arguments\":{\"show_intro_text\":true},\"name\":\"content\"},\"image\":{\"filters\":{\"search\":\"\"},\"name\":\"featuredImage.url\"},\"image_alt\":{\"filters\":{\"search\":\"\"},\"name\":\"title\"}}}}]}]}]}]}],\"version\":\"4.5.24\"} --><\/p>\n","protected":false},"excerpt":{"rendered":"<p>CATALOGUES DE PRODUITS Scopri di piu DZ Trasmissioni L\u2019entreprise DZ trasmissioni, gr\u00e2ce \u00e0 ses trente ann\u00e9es d&rsquo;exp\u00e9rience, r\u00e9sout avec les r\u00e9ducteurs \u00e0 couple conique n\u2019importe quel probl\u00e8me de transmission de puissantes un mouvement rotatif entre deux ou plusieurs axes dispos\u00e9s \u00e0 90\u00b0 entre eux. Depuis 2021, DZ est une Division du fabricant de motor\u00e9ducteurs Transtecno [&hellip;]<\/p>\n","protected":false},"author":4,"featured_media":0,"parent":0,"menu_order":4,"comment_status":"closed","ping_status":"closed","template":"","meta":{"_acf_changed":false,"footnotes":""},"class_list":["post-3536","page","type-page","status-publish","hentry"],"acf":[],"yoast_head":"<!-- This site is optimized with the Yoast SEO plugin v26.1.1 - https:\/\/yoast.com\/wordpress\/plugins\/seo\/ -->\n<title>Renvois d\u2019angle de pr\u00e9cision DZ Trasmissioni - Conception et fabrication<\/title>\n<meta name=\"description\" content=\"DZ Trasmissioni produit des renvois d\u2019angle de pr\u00e9cision pour la transmission de puissance de mouvements rotatifs entre deux axes \u00e0 90 degr\u00e9s pour applications industrielles.\" \/>\n<meta name=\"robots\" content=\"index, follow, max-snippet:-1, max-image-preview:large, max-video-preview:-1\" \/>\n<link rel=\"canonical\" href=\"https:\/\/www.dztrasmissioni.it\/fr\/\" \/>\n<meta property=\"og:locale\" content=\"fr_FR\" \/>\n<meta property=\"og:type\" content=\"article\" \/>\n<meta property=\"og:title\" content=\"Renvois d\u2019angle de pr\u00e9cision DZ Trasmissioni - Conception et fabrication\" \/>\n<meta property=\"og:description\" content=\"DZ Trasmissioni produit des renvois d\u2019angle de pr\u00e9cision pour la transmission de puissance de mouvements rotatifs entre deux axes \u00e0 90 degr\u00e9s pour applications industrielles.\" \/>\n<meta property=\"og:url\" content=\"https:\/\/www.dztrasmissioni.it\/fr\/\" \/>\n<meta property=\"og:site_name\" content=\"DZ Trasmissioni\" \/>\n<meta property=\"article:modified_time\" content=\"2025-08-27T09:48:25+00:00\" \/>\n<meta name=\"twitter:card\" content=\"summary_large_image\" \/>\n<meta name=\"twitter:label1\" content=\"Dur\u00e9e de lecture estim\u00e9e\" \/>\n\t<meta name=\"twitter:data1\" content=\"1 minute\" \/>\n<script type=\"application\/ld+json\" class=\"yoast-schema-graph\">{\"@context\":\"https:\/\/schema.org\",\"@graph\":[{\"@type\":\"WebPage\",\"@id\":\"https:\/\/www.dztrasmissioni.it\/fr\/\",\"url\":\"https:\/\/www.dztrasmissioni.it\/fr\/\",\"name\":\"Renvois d\u2019angle de pr\u00e9cision DZ Trasmissioni - Conception et fabrication\",\"isPartOf\":{\"@id\":\"https:\/\/www.dztrasmissioni.it\/fr\/#website\"},\"datePublished\":\"2018-10-05T12:04:38+00:00\",\"dateModified\":\"2025-08-27T09:48:25+00:00\",\"description\":\"DZ Trasmissioni produit des renvois d\u2019angle de pr\u00e9cision pour la transmission de puissance de mouvements rotatifs entre deux axes \u00e0 90 degr\u00e9s pour applications industrielles.\",\"breadcrumb\":{\"@id\":\"https:\/\/www.dztrasmissioni.it\/fr\/#breadcrumb\"},\"inLanguage\":\"fr-FR\",\"potentialAction\":[{\"@type\":\"ReadAction\",\"target\":[\"https:\/\/www.dztrasmissioni.it\/fr\/\"]}]},{\"@type\":\"BreadcrumbList\",\"@id\":\"https:\/\/www.dztrasmissioni.it\/fr\/#breadcrumb\",\"itemListElement\":[{\"@type\":\"ListItem\",\"position\":1,\"name\":\"Home\",\"item\":\"https:\/\/www.dztrasmissioni.it\/fr\/\"},{\"@type\":\"ListItem\",\"position\":2,\"name\":\"Accueil\"}]},{\"@type\":\"WebSite\",\"@id\":\"https:\/\/www.dztrasmissioni.it\/fr\/#website\",\"url\":\"https:\/\/www.dztrasmissioni.it\/fr\/\",\"name\":\"DZ Trasmissioni\",\"description\":\"Rinvii angolari di precisione\",\"publisher\":{\"@id\":\"https:\/\/www.dztrasmissioni.it\/fr\/#organization\"},\"potentialAction\":[{\"@type\":\"SearchAction\",\"target\":{\"@type\":\"EntryPoint\",\"urlTemplate\":\"https:\/\/www.dztrasmissioni.it\/fr\/?s={search_term_string}\"},\"query-input\":{\"@type\":\"PropertyValueSpecification\",\"valueRequired\":true,\"valueName\":\"search_term_string\"}}],\"inLanguage\":\"fr-FR\"},{\"@type\":\"Organization\",\"@id\":\"https:\/\/www.dztrasmissioni.it\/fr\/#organization\",\"name\":\"DZ Trasmissioni\",\"url\":\"https:\/\/www.dztrasmissioni.it\/fr\/\",\"logo\":{\"@type\":\"ImageObject\",\"inLanguage\":\"fr-FR\",\"@id\":\"https:\/\/www.dztrasmissioni.it\/fr\/#\/schema\/logo\/image\/\",\"url\":\"https:\/\/dztrasmissioni.it\/wp-content\/uploads\/apple_touch_icon_dz.png\",\"contentUrl\":\"https:\/\/dztrasmissioni.it\/wp-content\/uploads\/apple_touch_icon_dz.png\",\"width\":180,\"height\":180,\"caption\":\"DZ Trasmissioni\"},\"image\":{\"@id\":\"https:\/\/www.dztrasmissioni.it\/fr\/#\/schema\/logo\/image\/\"}}]}<\/script>\n<!-- \/ Yoast SEO plugin. -->","yoast_head_json":{"title":"Renvois d\u2019angle de pr\u00e9cision DZ Trasmissioni - Conception et fabrication","description":"DZ Trasmissioni produit des renvois d\u2019angle de pr\u00e9cision pour la transmission de puissance de mouvements rotatifs entre deux axes \u00e0 90 degr\u00e9s pour applications industrielles.","robots":{"index":"index","follow":"follow","max-snippet":"max-snippet:-1","max-image-preview":"max-image-preview:large","max-video-preview":"max-video-preview:-1"},"canonical":"https:\/\/www.dztrasmissioni.it\/fr\/","og_locale":"fr_FR","og_type":"article","og_title":"Renvois d\u2019angle de pr\u00e9cision DZ Trasmissioni - Conception et fabrication","og_description":"DZ Trasmissioni produit des renvois d\u2019angle de pr\u00e9cision pour la transmission de puissance de mouvements rotatifs entre deux axes \u00e0 90 degr\u00e9s pour applications industrielles.","og_url":"https:\/\/www.dztrasmissioni.it\/fr\/","og_site_name":"DZ Trasmissioni","article_modified_time":"2025-08-27T09:48:25+00:00","twitter_card":"summary_large_image","twitter_misc":{"Dur\u00e9e de lecture estim\u00e9e":"1 minute"},"schema":{"@context":"https:\/\/schema.org","@graph":[{"@type":"WebPage","@id":"https:\/\/www.dztrasmissioni.it\/fr\/","url":"https:\/\/www.dztrasmissioni.it\/fr\/","name":"Renvois d\u2019angle de pr\u00e9cision DZ Trasmissioni - Conception et fabrication","isPartOf":{"@id":"https:\/\/www.dztrasmissioni.it\/fr\/#website"},"datePublished":"2018-10-05T12:04:38+00:00","dateModified":"2025-08-27T09:48:25+00:00","description":"DZ Trasmissioni produit des renvois d\u2019angle de pr\u00e9cision pour la transmission de puissance de mouvements rotatifs entre deux axes \u00e0 90 degr\u00e9s pour applications industrielles.","breadcrumb":{"@id":"https:\/\/www.dztrasmissioni.it\/fr\/#breadcrumb"},"inLanguage":"fr-FR","potentialAction":[{"@type":"ReadAction","target":["https:\/\/www.dztrasmissioni.it\/fr\/"]}]},{"@type":"BreadcrumbList","@id":"https:\/\/www.dztrasmissioni.it\/fr\/#breadcrumb","itemListElement":[{"@type":"ListItem","position":1,"name":"Home","item":"https:\/\/www.dztrasmissioni.it\/fr\/"},{"@type":"ListItem","position":2,"name":"Accueil"}]},{"@type":"WebSite","@id":"https:\/\/www.dztrasmissioni.it\/fr\/#website","url":"https:\/\/www.dztrasmissioni.it\/fr\/","name":"DZ Trasmissioni","description":"Rinvii angolari di precisione","publisher":{"@id":"https:\/\/www.dztrasmissioni.it\/fr\/#organization"},"potentialAction":[{"@type":"SearchAction","target":{"@type":"EntryPoint","urlTemplate":"https:\/\/www.dztrasmissioni.it\/fr\/?s={search_term_string}"},"query-input":{"@type":"PropertyValueSpecification","valueRequired":true,"valueName":"search_term_string"}}],"inLanguage":"fr-FR"},{"@type":"Organization","@id":"https:\/\/www.dztrasmissioni.it\/fr\/#organization","name":"DZ Trasmissioni","url":"https:\/\/www.dztrasmissioni.it\/fr\/","logo":{"@type":"ImageObject","inLanguage":"fr-FR","@id":"https:\/\/www.dztrasmissioni.it\/fr\/#\/schema\/logo\/image\/","url":"https:\/\/dztrasmissioni.it\/wp-content\/uploads\/apple_touch_icon_dz.png","contentUrl":"https:\/\/dztrasmissioni.it\/wp-content\/uploads\/apple_touch_icon_dz.png","width":180,"height":180,"caption":"DZ Trasmissioni"},"image":{"@id":"https:\/\/www.dztrasmissioni.it\/fr\/#\/schema\/logo\/image\/"}}]}},"_links":{"self":[{"href":"https:\/\/www.dztrasmissioni.it\/fr\/wp-json\/wp\/v2\/pages\/3536","targetHints":{"allow":["GET"]}}],"collection":[{"href":"https:\/\/www.dztrasmissioni.it\/fr\/wp-json\/wp\/v2\/pages"}],"about":[{"href":"https:\/\/www.dztrasmissioni.it\/fr\/wp-json\/wp\/v2\/types\/page"}],"author":[{"embeddable":true,"href":"https:\/\/www.dztrasmissioni.it\/fr\/wp-json\/wp\/v2\/users\/4"}],"replies":[{"embeddable":true,"href":"https:\/\/www.dztrasmissioni.it\/fr\/wp-json\/wp\/v2\/comments?post=3536"}],"version-history":[{"count":48,"href":"https:\/\/www.dztrasmissioni.it\/fr\/wp-json\/wp\/v2\/pages\/3536\/revisions"}],"predecessor-version":[{"id":5651,"href":"https:\/\/www.dztrasmissioni.it\/fr\/wp-json\/wp\/v2\/pages\/3536\/revisions\/5651"}],"wp:attachment":[{"href":"https:\/\/www.dztrasmissioni.it\/fr\/wp-json\/wp\/v2\/media?parent=3536"}],"curies":[{"name":"wp","href":"https:\/\/api.w.org\/{rel}","templated":true}]}}