{"id":3575,"date":"2018-12-17T18:28:06","date_gmt":"2018-12-17T17:28:06","guid":{"rendered":"https:\/\/dztrasmissioni.it\/contatti\/"},"modified":"2023-09-24T19:33:16","modified_gmt":"2023-09-24T17:33:16","slug":"contacts","status":"publish","type":"page","link":"https:\/\/www.dztrasmissioni.it\/fr\/contacts\/","title":{"rendered":"Contacts"},"content":{"rendered":"<p><img decoding=\"async\" src=\"\/DZ_UPDATE\/wp-content\/uploads\/logo_dz_trasmissioni_division.svg\" alt=\"\"><\/p>\n<h1>Notre personnel est \u00e0 votre enti\u00e8re disposition pour tout renseignement compl\u00e9mentaire.<\/h1>\n<ul>\n<li>\n<h4>TRANSTECNO SRL<\/h4>\n<p>Via Caduti di Sabbiuno, 11 D\/E<br \/>40011 Anzola Emilia (BO) ITALY<\/p>\n<\/li>\n<li>\n<h4>CONTACTS<\/h4>\n<p>+39.051.6425811<br \/>sales@transtecno.com<\/p>\n<\/li>\n<\/ul>\n<div>\n<p>        <img decoding=\"async\" src=\"\/DZ_UPDATE\/wp-content\/uploads\/mappa_dz_division_transtecno.jpg\" alt=\"\"><\/p>\n<p><a href=\"https:\/\/g.page\/Transtecno?share\"><\/a><\/p>\n<\/div>\n<p>\n    <a href=\"https:\/\/g.page\/Transtecno?share\">Voyez sur Google Maps<\/a>\n<\/p>\n<div>BUREAU TECHNIQUE\/SERVICE DES VENTES<\/div>\n<p>\n    <a href=\"mailto:sandro.gabusi@transtecno.com\">sandro.gabusi@transtecno.com<\/a>\n<\/p>\n<hr>\n<div>SERVICE DES VENTES<\/div>\n<p>\n    <a href=\"mailto:nicolo.galvan@transtecno.com\">nicolo.galvan@transtecno.com<\/a>\n<\/p>\n<hr>\n<div>BUREAU DE PRODUCTION\/ACHAT<\/div>\n<p>\n    <a href=\"mailto:lorenzo.pedini@transtecno.com\">lorenzo.pedini@transtecno.com<\/a>\n<\/p>\n<hr>\n<div>BUREAU ADMINISTRATIF<\/div>\n<p>\n    <a href=\"mailto:giulia.dipaola@transtecno.com\">giulia.dipaola@transtecno.com<\/a>\n<\/p>\n<p><!--more--><br \/>\n<!-- {\"name\":\"Contact\",\"type\":\"layout\",\"children\":[{\"type\":\"section\",\"props\":{\"animation_delay\":false,\"image_position\":\"center-center\",\"padding_remove_bottom\":false,\"style\":\"default\",\"title_breakpoint\":\"xl\",\"title_position\":\"top-left\",\"title_rotation\":\"left\",\"vertical_align\":\"middle\",\"width\":\"default\"},\"children\":[{\"type\":\"row\",\"props\":{\"layout\":\"1-2,1-2\",\"vertical_align\":true},\"children\":[{\"type\":\"column\",\"props\":{\"image_position\":\"center-center\",\"position_sticky_breakpoint\":\"m\",\"vertical_align\":\"middle\",\"width_medium\":\"1-2\"},\"children\":[{\"type\":\"image\",\"props\":{\"image\":\"wp-content\\\/uploads\\\/logo_dz_trasmissioni_division.svg\",\"image_svg_color\":\"emphasis\",\"image_width\":\"300\",\"margin\":\"default\",\"maxwidth_breakpoint\":\"m\",\"text_align\":\"left\",\"text_align_breakpoint\":\"m\",\"text_align_fallback\":\"center\"}}]},{\"type\":\"column\",\"props\":{\"image_position\":\"center-center\",\"position_sticky_breakpoint\":\"m\",\"vertical_align\":\"middle\",\"width_medium\":\"1-2\"},\"children\":[{\"type\":\"headline\",\"props\":{\"block_align\":\"center\",\"content\":\"Notre personnel est \\u00e0 votre enti\\u00e8re disposition pour tout renseignement compl\\u00e9mentaire.\",\"maxwidth\":\"xlarge\",\"text_align\":\"left\",\"text_align_breakpoint\":\"m\",\"text_align_fallback\":\"center\",\"title_element\":\"h1\",\"title_style\":\"h2\"}}]}]}]},{\"type\":\"section\",\"props\":{\"image_position\":\"center-center\",\"style\":\"muted\",\"title_breakpoint\":\"xl\",\"title_position\":\"top-left\",\"title_rotation\":\"left\",\"vertical_align\":\"middle\",\"width\":\"default\"},\"children\":[{\"type\":\"row\",\"props\":{\"layout\":\"1-2,1-2\"},\"children\":[{\"type\":\"column\",\"props\":{\"image_position\":\"center-center\",\"position_sticky_breakpoint\":\"m\",\"width_medium\":\"1-2\"},\"children\":[{\"type\":\"grid\",\"props\":{\"content_column_breakpoint\":\"m\",\"css\":\".el-title{\\n\\tfont-weight:bold;\\n}\\n\\n.el-meta{\\n    font-size: 22px;\\n    line-height: 1.5;\\n}\",\"filter_align\":\"left\",\"filter_all\":true,\"filter_grid_breakpoint\":\"m\",\"filter_grid_width\":\"auto\",\"filter_position\":\"top\",\"filter_style\":\"tab\",\"grid_default\":\"1\",\"grid_medium\":\"1\",\"grid_small\":\"1\",\"icon_width\":80,\"image_align\":\"top\",\"image_grid_breakpoint\":\"m\",\"image_grid_width\":\"1-2\",\"image_svg_color\":\"emphasis\",\"item_animation\":true,\"link_style\":\"default\",\"link_text\":\"Read more\",\"margin\":\"default\",\"meta_align\":\"below-title\",\"meta_element\":\"div\",\"meta_style\":\"\",\"parallax_easing\":\"1\",\"show_content\":true,\"show_image\":true,\"show_link\":true,\"show_meta\":true,\"show_title\":true,\"text_align\":\"left\",\"text_align_breakpoint\":\"m\",\"text_align_fallback\":\"center\",\"title_align\":\"top\",\"title_color\":\"primary\",\"title_element\":\"h4\",\"title_grid_breakpoint\":\"m\",\"title_grid_width\":\"1-2\",\"title_hover_style\":\"reset\",\"title_style\":\"h4\"},\"children\":[{\"type\":\"grid_item\",\"props\":{\"content\":\"\",\"meta\":\"Via Caduti di Sabbiuno, 11 D\\\/E<br \/>40011 Anzola Emilia (BO) ITALY\",\"title\":\"TRANSTECNO SRL\"}},{\"type\":\"grid_item\",\"props\":{\"content\":\"\",\"meta\":\"+39.051.6425811<br \/>sales@transtecno.com\",\"title\":\"CONTACTS\"}}]}]},{\"type\":\"column\",\"props\":{\"image_position\":\"center-center\",\"position_sticky_breakpoint\":\"m\",\"width_medium\":\"1-2\"},\"children\":[{\"type\":\"overlay\",\"props\":{\"image\":\"wp-content\\\/uploads\\\/mappa_dz_division_transtecno.jpg\",\"image_box_shadow\":\"medium\",\"image_transition\":\"scale-up\",\"link\":\"https:\\\/\\\/g.page\\\/Transtecno?share\",\"link_style\":\"default\",\"link_target\":true,\"link_text\":\"\",\"margin\":\"default\",\"meta_align\":\"below-title\",\"meta_element\":\"div\",\"meta_style\":\"text-meta\",\"overlay_hover\":false,\"overlay_link\":true,\"overlay_mode\":\"cover\",\"overlay_position\":\"center\",\"overlay_style\":\"\",\"overlay_transition\":\"fade\",\"text_align\":\"center\",\"text_color\":\"light\",\"title_element\":\"h3\",\"title_hover_style\":\"reset\"}},{\"type\":\"button\",\"props\":{\"fullwidth\":true,\"grid_column_gap\":\"small\",\"grid_row_gap\":\"small\",\"margin\":\"default\"},\"children\":[{\"type\":\"button_item\",\"props\":{\"button_style\":\"primary\",\"content\":\"Voyez sur Google Maps\",\"icon_align\":\"left\",\"link\":\"https:\\\/\\\/g.page\\\/Transtecno?share\",\"link_target\":\"blank\"}}]}]}]}]},{\"type\":\"section\",\"props\":{\"image_position\":\"center-center\",\"style\":\"default\",\"title_breakpoint\":\"xl\",\"title_position\":\"top-left\",\"title_rotation\":\"left\",\"vertical_align\":\"middle\",\"width\":\"default\"},\"children\":[{\"type\":\"row\",\"props\":{\"layout\":\"expand,large\",\"margin\":\"medium\"},\"children\":[{\"type\":\"column\",\"props\":{\"image_position\":\"center-center\",\"position_sticky_breakpoint\":\"m\",\"vertical_align\":\"middle\",\"width_medium\":\"expand\"},\"children\":[{\"type\":\"headline\",\"props\":{\"content\":\"BUREAU TECHNIQUE\\\/SERVICE DES VENTES\",\"text_align\":\"left\",\"text_align_breakpoint\":\"m\",\"text_align_fallback\":\"center\",\"title_element\":\"div\",\"title_style\":\"h3\"}}]},{\"type\":\"column\",\"props\":{\"image_position\":\"center-center\",\"position_sticky_breakpoint\":\"m\",\"vertical_align\":\"middle\",\"width_medium\":\"auto\"},\"children\":[{\"type\":\"button\",\"props\":{\"button_size\":\"small\",\"css\":\".el-content{\\n\\tmin-width:320px;\\n}\",\"grid_column_gap\":\"small\",\"grid_row_gap\":\"small\",\"margin\":\"default\",\"text_align\":\"center\"},\"children\":[{\"type\":\"button_item\",\"props\":{\"button_style\":\"primary\",\"content\":\"sandro.gabusi@transtecno.com\",\"icon_align\":\"left\",\"link\":\"mailto:sandro.gabusi@transtecno.com\"}}]}]}]},{\"type\":\"row\",\"props\":{\"margin\":\"medium\"},\"children\":[{\"type\":\"column\",\"props\":{\"image_position\":\"center-center\",\"position_sticky_breakpoint\":\"m\",\"width_medium\":\"1-1\"},\"children\":[{\"type\":\"divider\",\"props\":{\"divider_element\":\"hr\"}}]}]},{\"type\":\"row\",\"props\":{\"layout\":\"expand,large\",\"margin\":\"medium\"},\"children\":[{\"type\":\"column\",\"props\":{\"image_position\":\"center-center\",\"position_sticky_breakpoint\":\"m\",\"vertical_align\":\"middle\",\"width_medium\":\"expand\"},\"children\":[{\"type\":\"headline\",\"props\":{\"content\":\"SERVICE DES VENTES\",\"text_align\":\"left\",\"text_align_breakpoint\":\"m\",\"text_align_fallback\":\"center\",\"title_element\":\"div\",\"title_style\":\"h3\"}}]},{\"type\":\"column\",\"props\":{\"image_position\":\"center-center\",\"position_sticky_breakpoint\":\"m\",\"vertical_align\":\"middle\",\"width_medium\":\"auto\"},\"children\":[{\"type\":\"button\",\"props\":{\"button_size\":\"small\",\"css\":\".el-content{\\n\\tmin-width:320px;\\n}\",\"fullwidth\":false,\"grid_column_gap\":\"small\",\"grid_row_gap\":\"small\",\"margin\":\"default\",\"text_align\":\"center\"},\"children\":[{\"type\":\"button_item\",\"props\":{\"button_style\":\"primary\",\"content\":\"nicolo.galvan@transtecno.com\",\"icon_align\":\"left\",\"link\":\"mailto:nicolo.galvan@transtecno.com\"}}]}]}]},{\"type\":\"row\",\"props\":{\"margin\":\"medium\"},\"children\":[{\"type\":\"column\",\"props\":{\"image_position\":\"center-center\",\"position_sticky_breakpoint\":\"m\",\"width_medium\":\"1-1\"},\"children\":[{\"type\":\"divider\",\"props\":{\"divider_element\":\"hr\"}}]}]},{\"type\":\"row\",\"props\":{\"layout\":\"expand,large\",\"margin\":\"medium\"},\"children\":[{\"type\":\"column\",\"props\":{\"image_position\":\"center-center\",\"position_sticky_breakpoint\":\"m\",\"vertical_align\":\"middle\",\"width_medium\":\"expand\"},\"children\":[{\"type\":\"headline\",\"props\":{\"content\":\"BUREAU DE PRODUCTION\\\/ACHAT\",\"text_align\":\"left\",\"text_align_breakpoint\":\"m\",\"text_align_fallback\":\"center\",\"title_element\":\"div\",\"title_style\":\"h3\"}}]},{\"type\":\"column\",\"props\":{\"image_position\":\"center-center\",\"position_sticky_breakpoint\":\"m\",\"vertical_align\":\"middle\",\"width_medium\":\"auto\"},\"children\":[{\"type\":\"button\",\"props\":{\"button_size\":\"small\",\"css\":\".el-content{\\n\\tmin-width:320px;\\n}\",\"grid_column_gap\":\"small\",\"grid_row_gap\":\"small\",\"margin\":\"default\",\"text_align\":\"center\"},\"children\":[{\"type\":\"button_item\",\"props\":{\"button_style\":\"primary\",\"content\":\"lorenzo.pedini@transtecno.com\",\"icon_align\":\"left\",\"link\":\"mailto:lorenzo.pedini@transtecno.com\"}}]}]}]},{\"type\":\"row\",\"props\":{\"margin\":\"medium\"},\"children\":[{\"type\":\"column\",\"props\":{\"image_position\":\"center-center\",\"position_sticky_breakpoint\":\"m\",\"width_medium\":\"1-1\"},\"children\":[{\"type\":\"divider\",\"props\":{\"divider_element\":\"hr\"}}]}]},{\"type\":\"row\",\"props\":{\"layout\":\"expand,large\",\"margin\":\"medium\"},\"children\":[{\"type\":\"column\",\"props\":{\"image_position\":\"center-center\",\"position_sticky_breakpoint\":\"m\",\"vertical_align\":\"middle\",\"width_medium\":\"expand\"},\"children\":[{\"type\":\"headline\",\"props\":{\"content\":\"BUREAU ADMINISTRATIF\",\"text_align\":\"left\",\"text_align_breakpoint\":\"m\",\"text_align_fallback\":\"center\",\"title_element\":\"div\",\"title_style\":\"h3\"}}]},{\"type\":\"column\",\"props\":{\"image_position\":\"center-center\",\"position_sticky_breakpoint\":\"m\",\"vertical_align\":\"middle\",\"width_medium\":\"auto\"},\"children\":[{\"type\":\"button\",\"props\":{\"button_size\":\"small\",\"css\":\".el-content{\\n\\tmin-width:320px;\\n}\",\"grid_column_gap\":\"small\",\"grid_row_gap\":\"small\",\"margin\":\"default\",\"text_align\":\"center\"},\"children\":[{\"type\":\"button_item\",\"props\":{\"button_style\":\"primary\",\"content\":\"giulia.dipaola@transtecno.com\",\"icon_align\":\"left\",\"link\":\"mailto:giulia.dipaola@transtecno.com\"}}]}]}]}],\"name\":\"CONTATTI TRANSTECNO\"}],\"version\":\"4.0.13\"} --><\/p>\n","protected":false},"excerpt":{"rendered":"<p>Notre personnel est \u00e0 votre enti\u00e8re disposition pour tout renseignement compl\u00e9mentaire. TRANSTECNO SRL Via Caduti di Sabbiuno, 11 D\/E40011 Anzola Emilia (BO) ITALY CONTACTS +39.051.6425811sales@transtecno.com Voyez sur Google Maps BUREAU TECHNIQUE\/SERVICE DES VENTES sandro.gabusi@transtecno.com SERVICE DES VENTES nicolo.galvan@transtecno.com BUREAU DE PRODUCTION\/ACHAT lorenzo.pedini@transtecno.com BUREAU ADMINISTRATIF giulia.dipaola@transtecno.com<\/p>\n","protected":false},"author":4,"featured_media":0,"parent":0,"menu_order":31,"comment_status":"closed","ping_status":"closed","template":"","meta":{"_acf_changed":false,"footnotes":""},"class_list":["post-3575","page","type-page","status-publish","hentry"],"acf":[],"yoast_head":"<!-- This site is optimized with the Yoast SEO plugin v26.1.1 - https:\/\/yoast.com\/wordpress\/plugins\/seo\/ -->\n<title>Contacts - DZ Trasmissioni<\/title>\n<meta name=\"robots\" content=\"index, follow, max-snippet:-1, max-image-preview:large, max-video-preview:-1\" \/>\n<link rel=\"canonical\" href=\"https:\/\/www.dztrasmissioni.it\/fr\/contacts\/\" \/>\n<meta property=\"og:locale\" content=\"fr_FR\" \/>\n<meta property=\"og:type\" content=\"article\" \/>\n<meta property=\"og:title\" content=\"Contacts - DZ Trasmissioni\" \/>\n<meta property=\"og:description\" content=\"Notre personnel est \u00e0 votre enti\u00e8re disposition pour tout renseignement compl\u00e9mentaire. TRANSTECNO SRL Via Caduti di Sabbiuno, 11 D\/E40011 Anzola Emilia (BO) ITALY CONTACTS +39.051.6425811sales@transtecno.com Voyez sur Google Maps BUREAU TECHNIQUE\/SERVICE DES VENTES sandro.gabusi@transtecno.com SERVICE DES VENTES nicolo.galvan@transtecno.com BUREAU DE PRODUCTION\/ACHAT lorenzo.pedini@transtecno.com BUREAU ADMINISTRATIF giulia.dipaola@transtecno.com\" \/>\n<meta property=\"og:url\" content=\"https:\/\/www.dztrasmissioni.it\/fr\/contacts\/\" \/>\n<meta property=\"og:site_name\" content=\"DZ Trasmissioni\" \/>\n<meta property=\"article:modified_time\" content=\"2023-09-24T17:33:16+00:00\" \/>\n<meta name=\"twitter:card\" content=\"summary_large_image\" \/>\n<script type=\"application\/ld+json\" class=\"yoast-schema-graph\">{\"@context\":\"https:\/\/schema.org\",\"@graph\":[{\"@type\":\"WebPage\",\"@id\":\"https:\/\/www.dztrasmissioni.it\/fr\/contacts\/\",\"url\":\"https:\/\/www.dztrasmissioni.it\/fr\/contacts\/\",\"name\":\"Contacts - DZ Trasmissioni\",\"isPartOf\":{\"@id\":\"https:\/\/www.dztrasmissioni.it\/fr\/#website\"},\"datePublished\":\"2018-12-17T17:28:06+00:00\",\"dateModified\":\"2023-09-24T17:33:16+00:00\",\"breadcrumb\":{\"@id\":\"https:\/\/www.dztrasmissioni.it\/fr\/contacts\/#breadcrumb\"},\"inLanguage\":\"fr-FR\",\"potentialAction\":[{\"@type\":\"ReadAction\",\"target\":[\"https:\/\/www.dztrasmissioni.it\/fr\/contacts\/\"]}]},{\"@type\":\"BreadcrumbList\",\"@id\":\"https:\/\/www.dztrasmissioni.it\/fr\/contacts\/#breadcrumb\",\"itemListElement\":[{\"@type\":\"ListItem\",\"position\":1,\"name\":\"Home\",\"item\":\"https:\/\/www.dztrasmissioni.it\/fr\/\"},{\"@type\":\"ListItem\",\"position\":2,\"name\":\"Contacts\"}]},{\"@type\":\"WebSite\",\"@id\":\"https:\/\/www.dztrasmissioni.it\/fr\/#website\",\"url\":\"https:\/\/www.dztrasmissioni.it\/fr\/\",\"name\":\"DZ Trasmissioni\",\"description\":\"Rinvii angolari di precisione\",\"publisher\":{\"@id\":\"https:\/\/www.dztrasmissioni.it\/fr\/#organization\"},\"potentialAction\":[{\"@type\":\"SearchAction\",\"target\":{\"@type\":\"EntryPoint\",\"urlTemplate\":\"https:\/\/www.dztrasmissioni.it\/fr\/?s={search_term_string}\"},\"query-input\":{\"@type\":\"PropertyValueSpecification\",\"valueRequired\":true,\"valueName\":\"search_term_string\"}}],\"inLanguage\":\"fr-FR\"},{\"@type\":\"Organization\",\"@id\":\"https:\/\/www.dztrasmissioni.it\/fr\/#organization\",\"name\":\"DZ Trasmissioni\",\"url\":\"https:\/\/www.dztrasmissioni.it\/fr\/\",\"logo\":{\"@type\":\"ImageObject\",\"inLanguage\":\"fr-FR\",\"@id\":\"https:\/\/www.dztrasmissioni.it\/fr\/#\/schema\/logo\/image\/\",\"url\":\"https:\/\/dztrasmissioni.it\/wp-content\/uploads\/apple_touch_icon_dz.png\",\"contentUrl\":\"https:\/\/dztrasmissioni.it\/wp-content\/uploads\/apple_touch_icon_dz.png\",\"width\":180,\"height\":180,\"caption\":\"DZ Trasmissioni\"},\"image\":{\"@id\":\"https:\/\/www.dztrasmissioni.it\/fr\/#\/schema\/logo\/image\/\"}}]}<\/script>\n<!-- \/ Yoast SEO plugin. -->","yoast_head_json":{"title":"Contacts - DZ Trasmissioni","robots":{"index":"index","follow":"follow","max-snippet":"max-snippet:-1","max-image-preview":"max-image-preview:large","max-video-preview":"max-video-preview:-1"},"canonical":"https:\/\/www.dztrasmissioni.it\/fr\/contacts\/","og_locale":"fr_FR","og_type":"article","og_title":"Contacts - DZ Trasmissioni","og_description":"Notre personnel est \u00e0 votre enti\u00e8re disposition pour tout renseignement compl\u00e9mentaire. TRANSTECNO SRL Via Caduti di Sabbiuno, 11 D\/E40011 Anzola Emilia (BO) ITALY CONTACTS +39.051.6425811sales@transtecno.com Voyez sur Google Maps BUREAU TECHNIQUE\/SERVICE DES VENTES sandro.gabusi@transtecno.com SERVICE DES VENTES nicolo.galvan@transtecno.com BUREAU DE PRODUCTION\/ACHAT lorenzo.pedini@transtecno.com BUREAU ADMINISTRATIF giulia.dipaola@transtecno.com","og_url":"https:\/\/www.dztrasmissioni.it\/fr\/contacts\/","og_site_name":"DZ Trasmissioni","article_modified_time":"2023-09-24T17:33:16+00:00","twitter_card":"summary_large_image","schema":{"@context":"https:\/\/schema.org","@graph":[{"@type":"WebPage","@id":"https:\/\/www.dztrasmissioni.it\/fr\/contacts\/","url":"https:\/\/www.dztrasmissioni.it\/fr\/contacts\/","name":"Contacts - DZ Trasmissioni","isPartOf":{"@id":"https:\/\/www.dztrasmissioni.it\/fr\/#website"},"datePublished":"2018-12-17T17:28:06+00:00","dateModified":"2023-09-24T17:33:16+00:00","breadcrumb":{"@id":"https:\/\/www.dztrasmissioni.it\/fr\/contacts\/#breadcrumb"},"inLanguage":"fr-FR","potentialAction":[{"@type":"ReadAction","target":["https:\/\/www.dztrasmissioni.it\/fr\/contacts\/"]}]},{"@type":"BreadcrumbList","@id":"https:\/\/www.dztrasmissioni.it\/fr\/contacts\/#breadcrumb","itemListElement":[{"@type":"ListItem","position":1,"name":"Home","item":"https:\/\/www.dztrasmissioni.it\/fr\/"},{"@type":"ListItem","position":2,"name":"Contacts"}]},{"@type":"WebSite","@id":"https:\/\/www.dztrasmissioni.it\/fr\/#website","url":"https:\/\/www.dztrasmissioni.it\/fr\/","name":"DZ Trasmissioni","description":"Rinvii angolari di precisione","publisher":{"@id":"https:\/\/www.dztrasmissioni.it\/fr\/#organization"},"potentialAction":[{"@type":"SearchAction","target":{"@type":"EntryPoint","urlTemplate":"https:\/\/www.dztrasmissioni.it\/fr\/?s={search_term_string}"},"query-input":{"@type":"PropertyValueSpecification","valueRequired":true,"valueName":"search_term_string"}}],"inLanguage":"fr-FR"},{"@type":"Organization","@id":"https:\/\/www.dztrasmissioni.it\/fr\/#organization","name":"DZ Trasmissioni","url":"https:\/\/www.dztrasmissioni.it\/fr\/","logo":{"@type":"ImageObject","inLanguage":"fr-FR","@id":"https:\/\/www.dztrasmissioni.it\/fr\/#\/schema\/logo\/image\/","url":"https:\/\/dztrasmissioni.it\/wp-content\/uploads\/apple_touch_icon_dz.png","contentUrl":"https:\/\/dztrasmissioni.it\/wp-content\/uploads\/apple_touch_icon_dz.png","width":180,"height":180,"caption":"DZ Trasmissioni"},"image":{"@id":"https:\/\/www.dztrasmissioni.it\/fr\/#\/schema\/logo\/image\/"}}]}},"_links":{"self":[{"href":"https:\/\/www.dztrasmissioni.it\/fr\/wp-json\/wp\/v2\/pages\/3575","targetHints":{"allow":["GET"]}}],"collection":[{"href":"https:\/\/www.dztrasmissioni.it\/fr\/wp-json\/wp\/v2\/pages"}],"about":[{"href":"https:\/\/www.dztrasmissioni.it\/fr\/wp-json\/wp\/v2\/types\/page"}],"author":[{"embeddable":true,"href":"https:\/\/www.dztrasmissioni.it\/fr\/wp-json\/wp\/v2\/users\/4"}],"replies":[{"embeddable":true,"href":"https:\/\/www.dztrasmissioni.it\/fr\/wp-json\/wp\/v2\/comments?post=3575"}],"version-history":[{"count":27,"href":"https:\/\/www.dztrasmissioni.it\/fr\/wp-json\/wp\/v2\/pages\/3575\/revisions"}],"predecessor-version":[{"id":5405,"href":"https:\/\/www.dztrasmissioni.it\/fr\/wp-json\/wp\/v2\/pages\/3575\/revisions\/5405"}],"wp:attachment":[{"href":"https:\/\/www.dztrasmissioni.it\/fr\/wp-json\/wp\/v2\/media?parent=3575"}],"curies":[{"name":"wp","href":"https:\/\/api.w.org\/{rel}","templated":true}]}}