{"id":5066,"date":"2021-05-20T08:30:54","date_gmt":"2021-05-20T06:30:54","guid":{"rendered":"https:\/\/simonerosignoli.net\/DZUPDATE\/manuali-istruzione\/"},"modified":"2021-06-04T19:34:19","modified_gmt":"2021-06-04T17:34:19","slug":"manuels-dutilisation","status":"publish","type":"page","link":"https:\/\/www.dztrasmissioni.it\/fr\/manuels-dutilisation\/","title":{"rendered":"Manuels d&rsquo;utilisation"},"content":{"rendered":"<h1>Manuels d&rsquo;utilisation<\/h1>\n<hr>\n<div>\n<p>        <img decoding=\"async\" src=\"\/DZUPDATE\/wp-content\/uploads\/manuale_serie_up_eng.jpg\" alt=\"\"><\/p>\n<p><a href=\"\/DZUPDATE\/wp-content\/uploads\/manuale_serie_up_eng_11_08_2020.pdf\"><\/a><\/p>\n<\/div>\n<div>\n<h3><strong>Manuel d&rsquo;utilisation et d&rsquo;entretien<\/strong><\/h3>\n<p>S\u00c9RIE: UP<\/p>\n<p><a href=\"\/DZUPDATE\/wp-content\/uploads\/manuale_serie_up_eng_11_08_2020.pdf\">T\u00e9l\u00e9charger<\/a><\/p>\n<\/div>\n<p><!--more--><br \/>\n<!-- {\"name\":\"CATALOGHI E DEPLIANT\",\"type\":\"layout\",\"children\":[{\"type\":\"section\",\"props\":{\"style\":\"default\",\"width\":\"default\",\"vertical_align\":\"middle\",\"title_position\":\"top-left\",\"title_rotation\":\"left\",\"title_breakpoint\":\"xl\",\"image_position\":\"center-center\",\"animation\":\"slide-bottom-medium\",\"padding_remove_top\":false,\"animation_delay\":\"200\"},\"children\":[{\"name\":\"\",\"type\":\"row\",\"props\":{\"margin\":\"default\",\"margin_remove_bottom\":false},\"children\":[{\"name\":\"\",\"type\":\"column\",\"props\":{\"image_position\":\"center-center\",\"media_overlay_gradient\":\"\",\"width_medium\":\"1-1\"},\"children\":[{\"name\":\"\",\"type\":\"headline\",\"props\":{\"title_element\":\"h1\",\"title_style\":\"heading-small\",\"content\":\"Manuels d'utilisation\"}},{\"name\":\"\",\"type\":\"divider\",\"props\":{\"divider_element\":\"hr\"}}]}]},{\"name\":\"\",\"type\":\"row\",\"props\":{\"layout\":\"1-2,1-2\",\"margin\":\"medium\",\"divider\":false,\"margin_remove_top\":false,\"margin_remove_bottom\":false},\"children\":[{\"name\":\"\",\"type\":\"column\",\"props\":{\"image_position\":\"center-center\",\"padding\":\"small\",\"media_overlay_gradient\":\"\",\"width_medium\":\"1-2\"},\"children\":[{\"type\":\"overlay\",\"props\":{\"overlay_mode\":\"cover\",\"overlay_hover\":false,\"overlay_style\":\"\",\"text_color\":\"light\",\"overlay_position\":\"center\",\"overlay_transition\":\"fade\",\"title_element\":\"h3\",\"meta_style\":\"meta\",\"meta_align\":\"below-title\",\"text_align\":\"center\",\"margin\":\"default\",\"image_transition\":\"scale-up\",\"image\":\"wp-content\\\/uploads\\\/manuale_serie_up_eng.jpg\",\"link\":\"wp-content\\\/uploads\\\/manuale_serie_up_eng_11_08_2020.pdf\",\"link_target\":true,\"link_text\":\"\",\"link_style\":\"default\",\"overlay_link\":true,\"title_hover_style\":\"reset\",\"meta_element\":\"div\"}},{\"type\":\"panel\",\"props\":{\"link_text\":\"T\\u00e9l\\u00e9charger\",\"title_element\":\"h3\",\"title_align\":\"top\",\"title_grid_width\":\"auto\",\"meta_style\":\"meta\",\"meta_align\":\"below-title\",\"image_align\":\"top\",\"image_grid_width\":\"1-2\",\"image_svg_color\":\"emphasis\",\"link_style\":\"primary\",\"margin\":\"default\",\"link_size\":\"small\",\"title\":\"<strong>Manuel d'utilisation et d'entretien<\\\/strong>\",\"meta\":\"S\\u00c9RIE: UP\",\"image\":\"\",\"link\":\"wp-content\\\/uploads\\\/manuale_serie_up_eng_11_08_2020.pdf\",\"link_target\":true,\"title_hover_style\":\"reset\",\"title_grid_breakpoint\":\"m\",\"image_grid_breakpoint\":\"m\",\"icon_width\":80,\"meta_element\":\"div\",\"content_column_breakpoint\":\"m\"}}]},{\"name\":\"\",\"type\":\"column\",\"props\":{\"image_position\":\"center-center\",\"padding\":\"small\",\"media_overlay_gradient\":\"\",\"width_medium\":\"1-2\"},\"children\":[]}]},{\"type\":\"row\",\"children\":[{\"type\":\"column\",\"props\":{\"image_position\":\"center-center\",\"media_overlay_gradient\":\"\",\"width_medium\":\"1-1\"},\"children\":[]}]}]}],\"version\":\"2.4.17\"} --><\/p>\n","protected":false},"excerpt":{"rendered":"<p>Manuels d&rsquo;utilisation Manuel d&rsquo;utilisation et d&rsquo;entretien S\u00c9RIE: UP T\u00e9l\u00e9charger<\/p>\n","protected":false},"author":4,"featured_media":0,"parent":0,"menu_order":2,"comment_status":"closed","ping_status":"closed","template":"","meta":{"_acf_changed":false,"footnotes":""},"class_list":["post-5066","page","type-page","status-publish","hentry"],"acf":[],"yoast_head":"<!-- This site is optimized with the Yoast SEO plugin v26.1.1 - https:\/\/yoast.com\/wordpress\/plugins\/seo\/ -->\n<title>Manuels d&#039;utilisation - DZ Trasmissioni<\/title>\n<meta name=\"robots\" content=\"index, follow, max-snippet:-1, max-image-preview:large, max-video-preview:-1\" \/>\n<link rel=\"canonical\" href=\"https:\/\/www.dztrasmissioni.it\/fr\/manuels-dutilisation\/\" \/>\n<meta property=\"og:locale\" content=\"fr_FR\" \/>\n<meta property=\"og:type\" content=\"article\" \/>\n<meta property=\"og:title\" content=\"Manuels d&#039;utilisation - DZ Trasmissioni\" \/>\n<meta property=\"og:description\" content=\"Manuels d&rsquo;utilisation Manuel d&rsquo;utilisation et d&rsquo;entretien S\u00c9RIE: UP T\u00e9l\u00e9charger\" \/>\n<meta property=\"og:url\" content=\"https:\/\/www.dztrasmissioni.it\/fr\/manuels-dutilisation\/\" \/>\n<meta property=\"og:site_name\" content=\"DZ Trasmissioni\" \/>\n<meta property=\"article:modified_time\" content=\"2021-06-04T17:34:19+00:00\" \/>\n<meta name=\"twitter:card\" content=\"summary_large_image\" \/>\n<script type=\"application\/ld+json\" class=\"yoast-schema-graph\">{\"@context\":\"https:\/\/schema.org\",\"@graph\":[{\"@type\":\"WebPage\",\"@id\":\"https:\/\/www.dztrasmissioni.it\/fr\/manuels-dutilisation\/\",\"url\":\"https:\/\/www.dztrasmissioni.it\/fr\/manuels-dutilisation\/\",\"name\":\"Manuels d'utilisation - DZ Trasmissioni\",\"isPartOf\":{\"@id\":\"https:\/\/www.dztrasmissioni.it\/fr\/#website\"},\"datePublished\":\"2021-05-20T06:30:54+00:00\",\"dateModified\":\"2021-06-04T17:34:19+00:00\",\"breadcrumb\":{\"@id\":\"https:\/\/www.dztrasmissioni.it\/fr\/manuels-dutilisation\/#breadcrumb\"},\"inLanguage\":\"fr-FR\",\"potentialAction\":[{\"@type\":\"ReadAction\",\"target\":[\"https:\/\/www.dztrasmissioni.it\/fr\/manuels-dutilisation\/\"]}]},{\"@type\":\"BreadcrumbList\",\"@id\":\"https:\/\/www.dztrasmissioni.it\/fr\/manuels-dutilisation\/#breadcrumb\",\"itemListElement\":[{\"@type\":\"ListItem\",\"position\":1,\"name\":\"Home\",\"item\":\"https:\/\/www.dztrasmissioni.it\/fr\/\"},{\"@type\":\"ListItem\",\"position\":2,\"name\":\"Manuels d&rsquo;utilisation\"}]},{\"@type\":\"WebSite\",\"@id\":\"https:\/\/www.dztrasmissioni.it\/fr\/#website\",\"url\":\"https:\/\/www.dztrasmissioni.it\/fr\/\",\"name\":\"DZ Trasmissioni\",\"description\":\"Rinvii angolari di precisione\",\"publisher\":{\"@id\":\"https:\/\/www.dztrasmissioni.it\/fr\/#organization\"},\"potentialAction\":[{\"@type\":\"SearchAction\",\"target\":{\"@type\":\"EntryPoint\",\"urlTemplate\":\"https:\/\/www.dztrasmissioni.it\/fr\/?s={search_term_string}\"},\"query-input\":{\"@type\":\"PropertyValueSpecification\",\"valueRequired\":true,\"valueName\":\"search_term_string\"}}],\"inLanguage\":\"fr-FR\"},{\"@type\":\"Organization\",\"@id\":\"https:\/\/www.dztrasmissioni.it\/fr\/#organization\",\"name\":\"DZ Trasmissioni\",\"url\":\"https:\/\/www.dztrasmissioni.it\/fr\/\",\"logo\":{\"@type\":\"ImageObject\",\"inLanguage\":\"fr-FR\",\"@id\":\"https:\/\/www.dztrasmissioni.it\/fr\/#\/schema\/logo\/image\/\",\"url\":\"https:\/\/dztrasmissioni.it\/wp-content\/uploads\/apple_touch_icon_dz.png\",\"contentUrl\":\"https:\/\/dztrasmissioni.it\/wp-content\/uploads\/apple_touch_icon_dz.png\",\"width\":180,\"height\":180,\"caption\":\"DZ Trasmissioni\"},\"image\":{\"@id\":\"https:\/\/www.dztrasmissioni.it\/fr\/#\/schema\/logo\/image\/\"}}]}<\/script>\n<!-- \/ Yoast SEO plugin. -->","yoast_head_json":{"title":"Manuels d'utilisation - DZ Trasmissioni","robots":{"index":"index","follow":"follow","max-snippet":"max-snippet:-1","max-image-preview":"max-image-preview:large","max-video-preview":"max-video-preview:-1"},"canonical":"https:\/\/www.dztrasmissioni.it\/fr\/manuels-dutilisation\/","og_locale":"fr_FR","og_type":"article","og_title":"Manuels d'utilisation - DZ Trasmissioni","og_description":"Manuels d&rsquo;utilisation Manuel d&rsquo;utilisation et d&rsquo;entretien S\u00c9RIE: UP T\u00e9l\u00e9charger","og_url":"https:\/\/www.dztrasmissioni.it\/fr\/manuels-dutilisation\/","og_site_name":"DZ Trasmissioni","article_modified_time":"2021-06-04T17:34:19+00:00","twitter_card":"summary_large_image","schema":{"@context":"https:\/\/schema.org","@graph":[{"@type":"WebPage","@id":"https:\/\/www.dztrasmissioni.it\/fr\/manuels-dutilisation\/","url":"https:\/\/www.dztrasmissioni.it\/fr\/manuels-dutilisation\/","name":"Manuels d'utilisation - DZ Trasmissioni","isPartOf":{"@id":"https:\/\/www.dztrasmissioni.it\/fr\/#website"},"datePublished":"2021-05-20T06:30:54+00:00","dateModified":"2021-06-04T17:34:19+00:00","breadcrumb":{"@id":"https:\/\/www.dztrasmissioni.it\/fr\/manuels-dutilisation\/#breadcrumb"},"inLanguage":"fr-FR","potentialAction":[{"@type":"ReadAction","target":["https:\/\/www.dztrasmissioni.it\/fr\/manuels-dutilisation\/"]}]},{"@type":"BreadcrumbList","@id":"https:\/\/www.dztrasmissioni.it\/fr\/manuels-dutilisation\/#breadcrumb","itemListElement":[{"@type":"ListItem","position":1,"name":"Home","item":"https:\/\/www.dztrasmissioni.it\/fr\/"},{"@type":"ListItem","position":2,"name":"Manuels d&rsquo;utilisation"}]},{"@type":"WebSite","@id":"https:\/\/www.dztrasmissioni.it\/fr\/#website","url":"https:\/\/www.dztrasmissioni.it\/fr\/","name":"DZ Trasmissioni","description":"Rinvii angolari di precisione","publisher":{"@id":"https:\/\/www.dztrasmissioni.it\/fr\/#organization"},"potentialAction":[{"@type":"SearchAction","target":{"@type":"EntryPoint","urlTemplate":"https:\/\/www.dztrasmissioni.it\/fr\/?s={search_term_string}"},"query-input":{"@type":"PropertyValueSpecification","valueRequired":true,"valueName":"search_term_string"}}],"inLanguage":"fr-FR"},{"@type":"Organization","@id":"https:\/\/www.dztrasmissioni.it\/fr\/#organization","name":"DZ Trasmissioni","url":"https:\/\/www.dztrasmissioni.it\/fr\/","logo":{"@type":"ImageObject","inLanguage":"fr-FR","@id":"https:\/\/www.dztrasmissioni.it\/fr\/#\/schema\/logo\/image\/","url":"https:\/\/dztrasmissioni.it\/wp-content\/uploads\/apple_touch_icon_dz.png","contentUrl":"https:\/\/dztrasmissioni.it\/wp-content\/uploads\/apple_touch_icon_dz.png","width":180,"height":180,"caption":"DZ Trasmissioni"},"image":{"@id":"https:\/\/www.dztrasmissioni.it\/fr\/#\/schema\/logo\/image\/"}}]}},"_links":{"self":[{"href":"https:\/\/www.dztrasmissioni.it\/fr\/wp-json\/wp\/v2\/pages\/5066","targetHints":{"allow":["GET"]}}],"collection":[{"href":"https:\/\/www.dztrasmissioni.it\/fr\/wp-json\/wp\/v2\/pages"}],"about":[{"href":"https:\/\/www.dztrasmissioni.it\/fr\/wp-json\/wp\/v2\/types\/page"}],"author":[{"embeddable":true,"href":"https:\/\/www.dztrasmissioni.it\/fr\/wp-json\/wp\/v2\/users\/4"}],"replies":[{"embeddable":true,"href":"https:\/\/www.dztrasmissioni.it\/fr\/wp-json\/wp\/v2\/comments?post=5066"}],"version-history":[{"count":5,"href":"https:\/\/www.dztrasmissioni.it\/fr\/wp-json\/wp\/v2\/pages\/5066\/revisions"}],"predecessor-version":[{"id":5075,"href":"https:\/\/www.dztrasmissioni.it\/fr\/wp-json\/wp\/v2\/pages\/5066\/revisions\/5075"}],"wp:attachment":[{"href":"https:\/\/www.dztrasmissioni.it\/fr\/wp-json\/wp\/v2\/media?parent=5066"}],"curies":[{"name":"wp","href":"https:\/\/api.w.org\/{rel}","templated":true}]}}